{"id":112,"date":"2019-12-27T10:57:48","date_gmt":"2019-12-27T10:57:48","guid":{"rendered":"https:\/\/bridge308.qodeinteractive.com\/?page_id=112"},"modified":"2024-09-13T12:58:00","modified_gmt":"2024-09-13T10:58:00","slug":"contacto","status":"publish","type":"page","link":"https:\/\/carlosadeva.com\/en\/contacto\/","title":{"rendered":"Contact"},"content":{"rendered":"<div data-elementor-type=\"wp-page\" data-elementor-id=\"112\" class=\"elementor elementor-112\">\n\t\t\t\t\t\t<section class=\"elementor-section elementor-top-section elementor-element elementor-element-df5fb00 elementor-section-content-middle elementor-section-boxed elementor-section-height-default elementor-section-height-default parallax_section_no qode_elementor_container_no\" data-id=\"df5fb00\" data-element_type=\"section\" data-e-type=\"section\">\n\t\t\t\t\t\t<div class=\"elementor-container elementor-column-gap-no\">\n\t\t\t\t\t<div class=\"elementor-column elementor-col-100 elementor-top-column elementor-element elementor-element-609f820\" data-id=\"609f820\" data-element_type=\"column\" data-e-type=\"column\">\n\t\t\t<div class=\"elementor-widget-wrap elementor-element-populated\">\n\t\t\t\t\t\t<div class=\"elementor-element elementor-element-eaf4f0d elementor-widget__width-auto elementor-widget elementor-widget-text-editor\" data-id=\"eaf4f0d\" data-element_type=\"widget\" data-e-type=\"widget\" data-widget_type=\"text-editor.default\">\n\t\t\t\t<div class=\"elementor-widget-container\">\n\t\t\t\t\t\t\t\t\t<h1>CONTACTO<\/h1>\t\t\t\t\t\t\t\t<\/div>\n\t\t\t\t<\/div>\n\t\t\t\t<div class=\"elementor-element elementor-element-9ac0ce8 elementor-widget__width-initial elementor-widget elementor-widget-image\" data-id=\"9ac0ce8\" data-element_type=\"widget\" data-e-type=\"widget\" data-widget_type=\"image.default\">\n\t\t\t\t<div class=\"elementor-widget-container\">\n\t\t\t\t\t\t\t\t\t\t\t\t\t\t\t<img decoding=\"async\" width=\"573\" height=\"79\" src=\"https:\/\/carlosadeva.com\/wp-content\/uploads\/2019\/12\/contact-img-1.jpg\" class=\"attachment-full size-full wp-image-138\" alt=\"m\" srcset=\"https:\/\/carlosadeva.com\/wp-content\/uploads\/2019\/12\/contact-img-1.jpg 573w, https:\/\/carlosadeva.com\/wp-content\/uploads\/2019\/12\/contact-img-1-300x41.jpg 300w, https:\/\/carlosadeva.com\/wp-content\/uploads\/2019\/12\/contact-img-1-570x79.jpg 570w\" sizes=\"(max-width: 573px) 100vw, 573px\" \/>\t\t\t\t\t\t\t\t\t\t\t\t\t\t\t<\/div>\n\t\t\t\t<\/div>\n\t\t\t\t\t<\/div>\n\t\t<\/div>\n\t\t\t\t\t<\/div>\n\t\t<\/section>\n\t\t\t\t<section class=\"elementor-section elementor-top-section elementor-element elementor-element-b8e4aec elementor-section-content-middle elementor-section-boxed elementor-section-height-default elementor-section-height-default parallax_section_no qode_elementor_container_no\" data-id=\"b8e4aec\" data-element_type=\"section\" data-e-type=\"section\">\n\t\t\t\t\t\t<div class=\"elementor-container elementor-column-gap-no\">\n\t\t\t\t\t<div class=\"elementor-column elementor-col-100 elementor-top-column elementor-element elementor-element-45d4498\" data-id=\"45d4498\" data-element_type=\"column\" data-e-type=\"column\">\n\t\t\t<div class=\"elementor-widget-wrap elementor-element-populated\">\n\t\t\t\t\t\t<div class=\"elementor-element elementor-element-5c18595 elementor-widget elementor-widget-text-editor\" data-id=\"5c18595\" data-element_type=\"widget\" data-e-type=\"widget\" data-widget_type=\"text-editor.default\">\n\t\t\t\t<div class=\"elementor-widget-container\">\n\t\t\t\t\t\t\t\t\t<p>Para cualquier consulta, encargos o cualquier tipo de proyecto, ponte en contacto conmigo.<\/p>\t\t\t\t\t\t\t\t<\/div>\n\t\t\t\t<\/div>\n\t\t\t\t\t<\/div>\n\t\t<\/div>\n\t\t\t\t\t<\/div>\n\t\t<\/section>\n\t\t<div class=\"elementor-element elementor-element-60b38f1 e-flex e-con-boxed parallax_section_no qode_elementor_container_no e-con e-parent\" data-id=\"60b38f1\" data-element_type=\"container\" data-e-type=\"container\">\n\t\t\t\t\t<div class=\"e-con-inner\">\n\t\t<div class=\"elementor-element elementor-element-71c5b23 e-grid e-con-full parallax_section_no qode_elementor_container_no e-con e-child\" data-id=\"71c5b23\" data-element_type=\"container\" data-e-type=\"container\">\n\t\t\t\t<div class=\"elementor-element elementor-element-76d23f0 elementor-view-default elementor-position-block-start elementor-mobile-position-block-start elementor-widget elementor-widget-icon-box\" data-id=\"76d23f0\" data-element_type=\"widget\" data-e-type=\"widget\" data-widget_type=\"icon-box.default\">\n\t\t\t\t<div class=\"elementor-widget-container\">\n\t\t\t\t\t\t\t<div class=\"elementor-icon-box-wrapper\">\n\n\t\t\t\t\t\t<div class=\"elementor-icon-box-icon\">\n\t\t\t\t<a href=\"tel:+34610308215\" class=\"elementor-icon\" tabindex=\"-1\">\n\t\t\t\t<svg aria-hidden=\"true\" class=\"e-font-icon-svg e-fas-phone-alt\" viewbox=\"0 0 512 512\" xmlns=\"http:\/\/www.w3.org\/2000\/svg\"><path d=\"M497.39 361.8l-112-48a24 24 0 0 0-28 6.9l-49.6 60.6A370.66 370.66 0 0 1 130.6 204.11l60.6-49.6a23.94 23.94 0 0 0 6.9-28l-48-112A24.16 24.16 0 0 0 122.6.61l-104 24A24 24 0 0 0 0 48c0 256.5 207.9 464 464 464a24 24 0 0 0 23.4-18.6l24-104a24.29 24.29 0 0 0-14.01-27.6z\"><\/path><\/svg>\t\t\t\t<\/a>\n\t\t\t<\/div>\n\t\t\t\n\t\t\t\t\t\t<div class=\"elementor-icon-box-content\">\n\n\t\t\t\t\n\t\t\t\t\t\t\t\t\t<p class=\"elementor-icon-box-description\">\n\t\t\t\t\t\t<a href=\"tel:+34610308215\">610 308 215<\/a>\t\t\t\t\t<\/p>\n\t\t\t\t\n\t\t\t<\/div>\n\t\t\t\n\t\t<\/div>\n\t\t\t\t\t\t<\/div>\n\t\t\t\t<\/div>\n\t\t\t\t<div class=\"elementor-element elementor-element-3005901 elementor-view-default elementor-position-block-start elementor-mobile-position-block-start elementor-widget elementor-widget-icon-box\" data-id=\"3005901\" data-element_type=\"widget\" data-e-type=\"widget\" data-widget_type=\"icon-box.default\">\n\t\t\t\t<div class=\"elementor-widget-container\">\n\t\t\t\t\t\t\t<div class=\"elementor-icon-box-wrapper\">\n\n\t\t\t\t\t\t<div class=\"elementor-icon-box-icon\">\n\t\t\t\t<a href=\"mailto:contacto@carlosadeva.com\" class=\"elementor-icon\" tabindex=\"-1\">\n\t\t\t\t<svg aria-hidden=\"true\" class=\"e-font-icon-svg e-far-envelope\" viewbox=\"0 0 512 512\" xmlns=\"http:\/\/www.w3.org\/2000\/svg\"><path d=\"M464 64H48C21.49 64 0 85.49 0 112v288c0 26.51 21.49 48 48 48h416c26.51 0 48-21.49 48-48V112c0-26.51-21.49-48-48-48zm0 48v40.805c-22.422 18.259-58.168 46.651-134.587 106.49-16.841 13.247-50.201 45.072-73.413 44.701-23.208.375-56.579-31.459-73.413-44.701C106.18 199.465 70.425 171.067 48 152.805V112h416zM48 400V214.398c22.914 18.251 55.409 43.862 104.938 82.646 21.857 17.205 60.134 55.186 103.062 54.955 42.717.231 80.509-37.199 103.053-54.947 49.528-38.783 82.032-64.401 104.947-82.653V400H48z\"><\/path><\/svg>\t\t\t\t<\/a>\n\t\t\t<\/div>\n\t\t\t\n\t\t\t\t\t\t<div class=\"elementor-icon-box-content\">\n\n\t\t\t\t\n\t\t\t\t\t\t\t\t\t<p class=\"elementor-icon-box-description\">\n\t\t\t\t\t\t<a href=\"mailto:contacto@carlosadeva.com\">contacto@carlosadeva.com<\/a>\t\t\t\t\t<\/p>\n\t\t\t\t\n\t\t\t<\/div>\n\t\t\t\n\t\t<\/div>\n\t\t\t\t\t\t<\/div>\n\t\t\t\t<\/div>\n\t\t\t\t<\/div>\n\t\t\t\t\t<\/div>\n\t\t\t\t<\/div>\n\t\t<div class=\"elementor-element elementor-element-387e26e e-grid e-con-boxed parallax_section_no qode_elementor_container_no e-con e-parent\" data-id=\"387e26e\" data-element_type=\"container\" data-e-type=\"container\">\n\t\t\t\t\t<div class=\"e-con-inner\">\n\t\t\t\t<div class=\"elementor-element elementor-element-f2d47e9 elementor-widget elementor-widget-qi_addons_for_elementor_contact_form_7\" data-id=\"f2d47e9\" data-element_type=\"widget\" data-e-type=\"widget\" data-widget_type=\"qi_addons_for_elementor_contact_form_7.default\">\n\t\t\t\t<div class=\"elementor-widget-container\">\n\t\t\t\t\t<div class=\"qodef-shortcode qodef-m qodef-qi-contact-form-7\">\n\t\n<div class=\"wpcf7 no-js\" id=\"wpcf7-f245-o1\" lang=\"en-US\" dir=\"ltr\" data-wpcf7-id=\"245\">\n<div class=\"screen-reader-response\"><p role=\"status\" aria-live=\"polite\" aria-atomic=\"true\"><\/p> <ul><\/ul><\/div>\n<form action=\"\/en\/wp-json\/wp\/v2\/pages\/112#wpcf7-f245-o1\" method=\"post\" class=\"wpcf7-form init\" aria-label=\"Contact form\" novalidate=\"novalidate\" data-status=\"init\" data-trp-original-action=\"\/en\/wp-json\/wp\/v2\/pages\/112#wpcf7-f245-o1\">\n<fieldset class=\"hidden-fields-container\"><input type=\"hidden\" name=\"_wpcf7\" value=\"245\" \/><input type=\"hidden\" name=\"_wpcf7_version\" value=\"6.1.5\" \/><input type=\"hidden\" name=\"_wpcf7_locale\" value=\"en_US\" \/><input type=\"hidden\" name=\"_wpcf7_unit_tag\" value=\"wpcf7-f245-o1\" \/><input type=\"hidden\" name=\"_wpcf7_container_post\" value=\"0\" \/><input type=\"hidden\" name=\"_wpcf7_posted_data_hash\" value=\"\" \/><input type=\"hidden\" name=\"_wpcf7_recaptcha_response\" value=\"\" \/>\n<\/fieldset>\n<div class=\"two_columns_50_50\" style=\"overflow: hidden\">\n<div class=\"column1\">\n<div class=\"column_inner\">\n <span class=\"wpcf7-form-control-wrap\" data-name=\"email\"><input size=\"40\" maxlength=\"400\" class=\"wpcf7-form-control wpcf7-text wpcf7-validates-as-required\" aria-required=\"true\" aria-invalid=\"false\" placeholder=\"e-mail\" value=\"\" type=\"text\" name=\"email\" \/><\/span>\n<\/div>\n<\/div>\n<div class=\"column2\">\n<div class=\"column_inner\">\n<span class=\"wpcf7-form-control-wrap\" data-name=\"direccion\"><input size=\"40\" maxlength=\"400\" class=\"wpcf7-form-control wpcf7-text wpcf7-validates-as-required\" aria-required=\"true\" aria-invalid=\"false\" placeholder=\"Direcci\u00f3n\" value=\"\" type=\"text\" name=\"direccion\" \/><\/span>\n<\/div>\n<\/div>\n<\/div>\n<div>\n<span class=\"wpcf7-form-control-wrap\" data-name=\"nombre\"><input size=\"40\" maxlength=\"400\" class=\"wpcf7-form-control wpcf7-text\" aria-invalid=\"false\" placeholder=\"Nombre\" value=\"\" type=\"text\" name=\"nombre\" \/><\/span>\n<\/div>\n<div>\n<span class=\"wpcf7-form-control-wrap\" data-name=\"mensaje\"><textarea cols=\"40\" rows=\"10\" maxlength=\"2000\" class=\"wpcf7-form-control wpcf7-textarea\" aria-invalid=\"false\" name=\"mensaje\">Mensaje<\/textarea><\/span>\n<\/div>\n<div class=\"cod-md-12\"><div class=\"input-group\"><span class=\"wpcf7-form-control-wrap\" data-name=\"privacidad\"><span class=\"wpcf7-form-control wpcf7-acceptance\"><span class=\"wpcf7-list-item\"><label><input type=\"checkbox\" name=\"privacidad\" value=\"1\" aria-invalid=\"false\" \/><span class=\"wpcf7-list-item-label\"><span class=\"aviso_privacidad\"><strong> Carlos Adeva Garc\u00eda<\/strong> es  Responsable del tratamiento de los datos personales del\n Usuario y le informa de que estos datos se tratar\u00e1n de conformidad con lo dispuesto en el Reglamento (UE) 2016\/679, de 27 de abril (GDPR), y la Ley Org\u00e1nica 3\/2018, de 5 de diciembre (LOPDGDD). Para continuar debe aceptar que ha le\u00eddo y est\u00e1 conforme con la cl\u00e1usula anterior.<\/span><\/div><\/span><\/label><\/span><\/span><\/span>\n        <div class=\"col-lg-6 col-md-12\"><div class=\"input-group input-button\">\n           <button id=\"submit\" class=\"wpcf7-form-control wpcf7-submit\"><span>Enviar<\/span><\/button><\/div>\n        <\/div>\n    <\/div>\n<input type=\"hidden\" name=\"trp-form-language\" value=\"en\"\/><\/div><div class=\"wpcf7-response-output\" aria-hidden=\"true\"><\/div>\n<\/form>\n<\/div>\n<\/div>\n\t\t\t\t<\/div>\n\t\t\t\t<\/div>\n\t\t\t\t\t<\/div>\n\t\t\t\t<\/div>\n\t\t\t\t<\/div>","protected":false},"excerpt":{"rendered":"<p>CONTACTO Para cualquier consulta, encargos o cualquier tipo de proyecto, ponte en contacto conmigo. 610&#8230;<\/p>","protected":false},"author":1,"featured_media":0,"parent":0,"menu_order":0,"comment_status":"closed","ping_status":"closed","template":"full_width.php","meta":{"footnotes":""},"class_list":["post-112","page","type-page","status-publish","hentry"],"yoast_head":"<!-- This site is optimized with the Yoast SEO plugin v27.4 - https:\/\/yoast.com\/product\/yoast-seo-wordpress\/ -->\n<title>Contacto - Carlos Adeva<\/title>\n<meta name=\"robots\" content=\"index, follow, max-snippet:-1, max-image-preview:large, max-video-preview:-1\" \/>\n<link rel=\"canonical\" href=\"https:\/\/carlosadeva.com\/en\/contacto\/\" \/>\n<meta property=\"og:locale\" content=\"en_US\" \/>\n<meta property=\"og:type\" content=\"article\" \/>\n<meta property=\"og:title\" content=\"Contacto - Carlos Adeva\" \/>\n<meta property=\"og:description\" content=\"CONTACTO Para cualquier consulta, encargos o cualquier tipo de proyecto, ponte en contacto conmigo. 610...\" \/>\n<meta property=\"og:url\" content=\"https:\/\/carlosadeva.com\/en\/contacto\/\" \/>\n<meta property=\"og:site_name\" content=\"Carlos Adeva\" \/>\n<meta property=\"article:modified_time\" content=\"2024-09-13T10:58:00+00:00\" \/>\n<meta property=\"og:image\" content=\"https:\/\/carlosadeva.com\/wp-content\/uploads\/2019\/12\/contact-img-1.jpg\" \/>\n<meta name=\"twitter:card\" content=\"summary_large_image\" \/>\n<meta name=\"twitter:label1\" content=\"Est. reading time\" \/>\n\t<meta name=\"twitter:data1\" content=\"1 minute\" \/>\n<script type=\"application\/ld+json\" class=\"yoast-schema-graph\">{\"@context\":\"https:\\\/\\\/schema.org\",\"@graph\":[{\"@type\":\"WebPage\",\"@id\":\"https:\\\/\\\/carlosadeva.com\\\/contacto\\\/\",\"url\":\"https:\\\/\\\/carlosadeva.com\\\/contacto\\\/\",\"name\":\"Contacto - Carlos Adeva\",\"isPartOf\":{\"@id\":\"https:\\\/\\\/carlosadeva.com\\\/#website\"},\"primaryImageOfPage\":{\"@id\":\"https:\\\/\\\/carlosadeva.com\\\/contacto\\\/#primaryimage\"},\"image\":{\"@id\":\"https:\\\/\\\/carlosadeva.com\\\/contacto\\\/#primaryimage\"},\"thumbnailUrl\":\"https:\\\/\\\/carlosadeva.com\\\/wp-content\\\/uploads\\\/2019\\\/12\\\/contact-img-1.jpg\",\"datePublished\":\"2019-12-27T10:57:48+00:00\",\"dateModified\":\"2024-09-13T10:58:00+00:00\",\"breadcrumb\":{\"@id\":\"https:\\\/\\\/carlosadeva.com\\\/contacto\\\/#breadcrumb\"},\"inLanguage\":\"en-US\",\"potentialAction\":[{\"@type\":\"ReadAction\",\"target\":[\"https:\\\/\\\/carlosadeva.com\\\/contacto\\\/\"]}]},{\"@type\":\"ImageObject\",\"inLanguage\":\"en-US\",\"@id\":\"https:\\\/\\\/carlosadeva.com\\\/contacto\\\/#primaryimage\",\"url\":\"https:\\\/\\\/carlosadeva.com\\\/wp-content\\\/uploads\\\/2019\\\/12\\\/contact-img-1.jpg\",\"contentUrl\":\"https:\\\/\\\/carlosadeva.com\\\/wp-content\\\/uploads\\\/2019\\\/12\\\/contact-img-1.jpg\"},{\"@type\":\"BreadcrumbList\",\"@id\":\"https:\\\/\\\/carlosadeva.com\\\/contacto\\\/#breadcrumb\",\"itemListElement\":[{\"@type\":\"ListItem\",\"position\":1,\"name\":\"Portada\",\"item\":\"https:\\\/\\\/carlosadeva.com\\\/\"},{\"@type\":\"ListItem\",\"position\":2,\"name\":\"Contacto\"}]},{\"@type\":\"WebSite\",\"@id\":\"https:\\\/\\\/carlosadeva.com\\\/#website\",\"url\":\"https:\\\/\\\/carlosadeva.com\\\/\",\"name\":\"Carlos Adeva\",\"description\":\"Arte\",\"publisher\":{\"@id\":\"https:\\\/\\\/carlosadeva.com\\\/#organization\"},\"potentialAction\":[{\"@type\":\"SearchAction\",\"target\":{\"@type\":\"EntryPoint\",\"urlTemplate\":\"https:\\\/\\\/carlosadeva.com\\\/?s={search_term_string}\"},\"query-input\":{\"@type\":\"PropertyValueSpecification\",\"valueRequired\":true,\"valueName\":\"search_term_string\"}}],\"inLanguage\":\"en-US\"},{\"@type\":\"Organization\",\"@id\":\"https:\\\/\\\/carlosadeva.com\\\/#organization\",\"name\":\"Carlos Adeva\",\"url\":\"https:\\\/\\\/carlosadeva.com\\\/\",\"logo\":{\"@type\":\"ImageObject\",\"inLanguage\":\"en-US\",\"@id\":\"https:\\\/\\\/carlosadeva.com\\\/#\\\/schema\\\/logo\\\/image\\\/\",\"url\":\"https:\\\/\\\/carlosadeva.com\\\/wp-content\\\/uploads\\\/2024\\\/08\\\/cropped-logoweb.png\",\"contentUrl\":\"https:\\\/\\\/carlosadeva.com\\\/wp-content\\\/uploads\\\/2024\\\/08\\\/cropped-logoweb.png\",\"width\":512,\"height\":512,\"caption\":\"Carlos Adeva\"},\"image\":{\"@id\":\"https:\\\/\\\/carlosadeva.com\\\/#\\\/schema\\\/logo\\\/image\\\/\"}}]}<\/script>\n<!-- \/ Yoast SEO plugin. -->","yoast_head_json":{"title":"Contacto - Carlos Adeva","robots":{"index":"index","follow":"follow","max-snippet":"max-snippet:-1","max-image-preview":"max-image-preview:large","max-video-preview":"max-video-preview:-1"},"canonical":"https:\/\/carlosadeva.com\/en\/contacto\/","og_locale":"en_US","og_type":"article","og_title":"Contacto - Carlos Adeva","og_description":"CONTACTO Para cualquier consulta, encargos o cualquier tipo de proyecto, ponte en contacto conmigo. 610...","og_url":"https:\/\/carlosadeva.com\/en\/contacto\/","og_site_name":"Carlos Adeva","article_modified_time":"2024-09-13T10:58:00+00:00","og_image":[{"url":"https:\/\/carlosadeva.com\/wp-content\/uploads\/2019\/12\/contact-img-1.jpg","type":"","width":"","height":""}],"twitter_card":"summary_large_image","twitter_misc":{"Est. reading time":"1 minute"},"schema":{"@context":"https:\/\/schema.org","@graph":[{"@type":"WebPage","@id":"https:\/\/carlosadeva.com\/contacto\/","url":"https:\/\/carlosadeva.com\/contacto\/","name":"Contacto - Carlos Adeva","isPartOf":{"@id":"https:\/\/carlosadeva.com\/#website"},"primaryImageOfPage":{"@id":"https:\/\/carlosadeva.com\/contacto\/#primaryimage"},"image":{"@id":"https:\/\/carlosadeva.com\/contacto\/#primaryimage"},"thumbnailUrl":"https:\/\/carlosadeva.com\/wp-content\/uploads\/2019\/12\/contact-img-1.jpg","datePublished":"2019-12-27T10:57:48+00:00","dateModified":"2024-09-13T10:58:00+00:00","breadcrumb":{"@id":"https:\/\/carlosadeva.com\/contacto\/#breadcrumb"},"inLanguage":"en-US","potentialAction":[{"@type":"ReadAction","target":["https:\/\/carlosadeva.com\/contacto\/"]}]},{"@type":"ImageObject","inLanguage":"en-US","@id":"https:\/\/carlosadeva.com\/contacto\/#primaryimage","url":"https:\/\/carlosadeva.com\/wp-content\/uploads\/2019\/12\/contact-img-1.jpg","contentUrl":"https:\/\/carlosadeva.com\/wp-content\/uploads\/2019\/12\/contact-img-1.jpg"},{"@type":"BreadcrumbList","@id":"https:\/\/carlosadeva.com\/contacto\/#breadcrumb","itemListElement":[{"@type":"ListItem","position":1,"name":"Portada","item":"https:\/\/carlosadeva.com\/"},{"@type":"ListItem","position":2,"name":"Contacto"}]},{"@type":"WebSite","@id":"https:\/\/carlosadeva.com\/#website","url":"https:\/\/carlosadeva.com\/","name":"Carlos Adeva","description":"Arte","publisher":{"@id":"https:\/\/carlosadeva.com\/#organization"},"potentialAction":[{"@type":"SearchAction","target":{"@type":"EntryPoint","urlTemplate":"https:\/\/carlosadeva.com\/?s={search_term_string}"},"query-input":{"@type":"PropertyValueSpecification","valueRequired":true,"valueName":"search_term_string"}}],"inLanguage":"en-US"},{"@type":"Organization","@id":"https:\/\/carlosadeva.com\/#organization","name":"Carlos Adeva","url":"https:\/\/carlosadeva.com\/","logo":{"@type":"ImageObject","inLanguage":"en-US","@id":"https:\/\/carlosadeva.com\/#\/schema\/logo\/image\/","url":"https:\/\/carlosadeva.com\/wp-content\/uploads\/2024\/08\/cropped-logoweb.png","contentUrl":"https:\/\/carlosadeva.com\/wp-content\/uploads\/2024\/08\/cropped-logoweb.png","width":512,"height":512,"caption":"Carlos Adeva"},"image":{"@id":"https:\/\/carlosadeva.com\/#\/schema\/logo\/image\/"}}]}},"_links":{"self":[{"href":"https:\/\/carlosadeva.com\/en\/wp-json\/wp\/v2\/pages\/112","targetHints":{"allow":["GET"]}}],"collection":[{"href":"https:\/\/carlosadeva.com\/en\/wp-json\/wp\/v2\/pages"}],"about":[{"href":"https:\/\/carlosadeva.com\/en\/wp-json\/wp\/v2\/types\/page"}],"author":[{"embeddable":true,"href":"https:\/\/carlosadeva.com\/en\/wp-json\/wp\/v2\/users\/1"}],"replies":[{"embeddable":true,"href":"https:\/\/carlosadeva.com\/en\/wp-json\/wp\/v2\/comments?post=112"}],"version-history":[{"count":13,"href":"https:\/\/carlosadeva.com\/en\/wp-json\/wp\/v2\/pages\/112\/revisions"}],"predecessor-version":[{"id":373,"href":"https:\/\/carlosadeva.com\/en\/wp-json\/wp\/v2\/pages\/112\/revisions\/373"}],"wp:attachment":[{"href":"https:\/\/carlosadeva.com\/en\/wp-json\/wp\/v2\/media?parent=112"}],"curies":[{"name":"wp","href":"https:\/\/api.w.org\/{rel}","templated":true}]}}