{"id":3,"date":"2024-08-28T12:55:21","date_gmt":"2024-08-28T10:55:21","guid":{"rendered":"http:\/\/carlosadeva.com\/?page_id=3"},"modified":"2025-01-07T13:27:47","modified_gmt":"2025-01-07T12:27:47","slug":"politica-privacidad","status":"publish","type":"page","link":"https:\/\/carlosadeva.com\/en\/politica-privacidad\/","title":{"rendered":"Privacy Policy"},"content":{"rendered":"<div data-elementor-type=\"wp-page\" data-elementor-id=\"3\" class=\"elementor elementor-3\">\n\t\t\t\t<div class=\"elementor-element elementor-element-db1e349 e-flex e-con-boxed parallax_section_no qode_elementor_container_no e-con e-parent\" data-id=\"db1e349\" data-element_type=\"container\" data-e-type=\"container\">\n\t\t\t\t\t<div class=\"e-con-inner\">\n\t\t\t\t<div class=\"elementor-element elementor-element-a5128f1 elementor-widget elementor-widget-heading\" data-id=\"a5128f1\" data-element_type=\"widget\" data-e-type=\"widget\" data-widget_type=\"heading.default\">\n\t\t\t\t<div class=\"elementor-widget-container\">\n\t\t\t\t\t<h1 class=\"elementor-heading-title elementor-size-default\">Privacy Policy<\/h1>\t\t\t\t<\/div>\n\t\t\t\t<\/div>\n\t\t\t\t\t<\/div>\n\t\t\t\t<\/div>\n\t\t<div class=\"elementor-element elementor-element-e4c3af3 e-grid e-con-boxed parallax_section_no qode_elementor_container_no e-con e-parent\" data-id=\"e4c3af3\" data-element_type=\"container\" data-e-type=\"container\">\n\t\t\t\t\t<div class=\"e-con-inner\">\n\t\t\t\t<div class=\"elementor-element elementor-element-07adb8a elementor-widget elementor-widget-spacer\" data-id=\"07adb8a\" data-element_type=\"widget\" data-e-type=\"widget\" data-widget_type=\"spacer.default\">\n\t\t\t\t<div class=\"elementor-widget-container\">\n\t\t\t\t\t\t\t<div class=\"elementor-spacer\">\n\t\t\t<div class=\"elementor-spacer-inner\"><\/div>\n\t\t<\/div>\n\t\t\t\t\t\t<\/div>\n\t\t\t\t<\/div>\n\t\t\t\t\t<\/div>\n\t\t\t\t<\/div>\n\t\t<div class=\"elementor-element elementor-element-d8d31da e-con-full e-flex parallax_section_no qode_elementor_container_no e-con e-parent\" data-id=\"d8d31da\" data-element_type=\"container\" data-e-type=\"container\">\n\t\t\t\t<div class=\"elementor-element elementor-element-91d5eb0 elementor-widget elementor-widget-text-editor\" data-id=\"91d5eb0\" data-element_type=\"widget\" data-e-type=\"widget\" data-widget_type=\"text-editor.default\">\n\t\t\t\t<div class=\"elementor-widget-container\">\n\t\t\t\t\t\t\t\t\t<ol>\n<li>Titular del Sitio Web<\/li>\n<li>Protecci\u00f3n de Datos Personales<br \/>\n<ul>\n<li>Responsable del tratamiento<\/li>\n<li>Derechos de protecci\u00f3n de datos<\/li>\n<li>Conservaci\u00f3n de los datos<\/li>\n<li>Procedencia, finalidades y legitimidad<\/li>\n<\/ul>\n<\/li>\n<li>Cookies<\/li>\n<li>Confidencialidad<\/li>\n<li>Marca, dominio y contenido<\/li>\n<li>Normativa y resoluci\u00f3n de conflictos<\/li>\n<\/ol>\t\t\t\t\t\t\t\t<\/div>\n\t\t\t\t<\/div>\n\t\t\t\t<\/div>\n\t\t<div class=\"elementor-element elementor-element-884f635 e-grid e-con-boxed parallax_section_no qode_elementor_container_no e-con e-parent\" data-id=\"884f635\" data-element_type=\"container\" data-e-type=\"container\">\n\t\t\t\t\t<div class=\"e-con-inner\">\n\t\t\t\t<div class=\"elementor-element elementor-element-32e1ba9 elementor-widget elementor-widget-spacer\" data-id=\"32e1ba9\" data-element_type=\"widget\" data-e-type=\"widget\" data-widget_type=\"spacer.default\">\n\t\t\t\t<div class=\"elementor-widget-container\">\n\t\t\t\t\t\t\t<div class=\"elementor-spacer\">\n\t\t\t<div class=\"elementor-spacer-inner\"><\/div>\n\t\t<\/div>\n\t\t\t\t\t\t<\/div>\n\t\t\t\t<\/div>\n\t\t\t\t\t<\/div>\n\t\t\t\t<\/div>\n\t\t<div class=\"elementor-element elementor-element-9adc808 e-grid e-con-boxed parallax_section_no qode_elementor_container_no e-con e-parent\" data-id=\"9adc808\" data-element_type=\"container\" data-e-type=\"container\">\n\t\t\t\t\t<div class=\"e-con-inner\">\n\t\t\t\t<div class=\"elementor-element elementor-element-255464e elementor-widget elementor-widget-text-editor\" data-id=\"255464e\" data-element_type=\"widget\" data-e-type=\"widget\" data-widget_type=\"text-editor.default\">\n\t\t\t\t<div class=\"elementor-widget-container\">\n\t\t\t\t\t\t\t\t\t<h2>TITULAR DEL SITIO WEB<\/h2>\n<p>Responsable del sitio web carlosadeva.com:<\/p>\n<ul>\n<li>Denominaci\u00f3n social: CARLOS ADEVA GARC\u00cdA<\/li>\n<li>NIF: 11971835J<\/li>\n<li>Domicilio social: Cta. Matadero 28, 49800 Toro (Zamora)<\/li>\n<li>Contacto:\n<ol>\n<li>Direcci\u00f3n de correo electr\u00f3nico: <a href=\"mailto:info@carlosadeva.com\">info@carlosadeva.com<\/a><\/li>\n<li>Formulario online de contacto<\/li>\n<\/ol>\n<\/li>\n<li>P\u00e1ginas de CARLOS ADEVA GARC\u00cdA (En adelante, Sitio Web):\n<ol>\n<li>P\u00e1gina web principal: Carlos Adeva<\/li>\n<\/ol>\n<\/li>\n<\/ul>\t\t\t\t\t\t\t\t<\/div>\n\t\t\t\t<\/div>\n\t\t\t\t\t<\/div>\n\t\t\t\t<\/div>\n\t\t<div class=\"elementor-element elementor-element-c325551 e-grid e-con-boxed parallax_section_no qode_elementor_container_no e-con e-parent\" data-id=\"c325551\" data-element_type=\"container\" data-e-type=\"container\">\n\t\t\t\t\t<div class=\"e-con-inner\">\n\t\t\t\t<div class=\"elementor-element elementor-element-61a837f elementor-widget elementor-widget-text-editor\" data-id=\"61a837f\" data-element_type=\"widget\" data-e-type=\"widget\" data-widget_type=\"text-editor.default\">\n\t\t\t\t<div class=\"elementor-widget-container\">\n\t\t\t\t\t\t\t\t\t<h2>PROTECCI\u00d3N DE DATOS PERSONALES<\/h2>\n<p>\u00a0<\/p>\n<h3>RESPONSABLE DEL TRATAMIENTO<\/h3>\n<p>\u00a0<\/p>\n<ul>\n<li>Denominaci\u00f3n social: CARLOS ADEVA GARC\u00cdA<\/li>\n<li>NIF: 11971835J<\/li>\n<li>Domicilio social: Cta. Matadero 28, 49800 Toro (Zamora)<\/li>\n<li>Contacto:\n<ol>\n<li>Direcci\u00f3n de correo electr\u00f3nico: <a href=\"mailto:info@carlosadeva.com\">info@carlosadeva.com<\/a><\/li>\n<li>Formulario online de contacto<\/li>\n<\/ol>\n<\/li>\n<\/ul>\n<p>\u00a0<\/p>\n<h3>DERECHO DE PROTECCI\u00d3N DE DATOS<\/h3>\n<p>\u00a0<\/p>\n<p><strong>C\u00f3mo ejercer los derechos<\/strong>:<\/p>\n<p><br \/>Los usuarios pueden dirigir una comunicaci\u00f3n por escrito al domicilio social de <strong>CARLOS ADEVA GARC\u00cdA<\/strong> o a la direcci\u00f3n de correo electr\u00f3nico indicada en el encabezamiento de este aviso legal, incluyendo en ambos casos fotocopia de su DNI u otro documento de identificaci\u00f3n similar, para solicitar el ejercicio de los derechos siguientes:<\/p>\n<ul>\n<li><strong>Derecho a solicitar el acceso a los datos personales<\/strong>: usted podr\u00e1 preguntar a <strong>CARLOS ADEVA GARC\u00cdA<\/strong> si esta empresa est\u00e1 tratando sus datos.<\/li>\n<li><strong>Derecho a solicitar su rectificaci\u00f3n<\/strong> (en caso de que sean incorrectos) <strong>o supresi\u00f3n<\/strong>.<\/li>\n<li><strong>Derecho a solicitar la limitaci\u00f3n de su tratamiento<\/strong>, en cuyo caso \u00fanicamente ser\u00e1n conservados por <strong>CARLOS ADEVA GARC\u00cdA<\/strong> para el ejercicio o la defensa de reclamaciones.<\/li>\n<li><strong>Derecho a oponerse al tratamiento<\/strong>: <strong>CARLOS ADEVA GARC\u00cdA<\/strong> dejar\u00e1 de tratar los datos en la forma que usted indique, salvo que por motivos leg\u00edtimos imperiosos o el ejercicio o la defensa de posibles reclamaciones se tengan que seguir tratando.<\/li>\n<li><strong>Derecho a la portabilidad de los datos<\/strong>: en caso de que quiera que sus datos sean tratados por otra firma, <strong>CARLOS ADEVA GARC\u00cdA<\/strong> le facilitar\u00e1 la portabilidad de sus datos al nuevo responsable.<\/li>\n<\/ul>\n<p><strong>Modelos, formularios y m\u00e1s informaci\u00f3n sobre los derechos referidos<\/strong>:<br \/><a href=\"https:\/\/www.aepd.es\/\" target=\"_blank\" rel=\"noreferrer noopener\">P\u00e1gina oficial de la Agencia Espa\u00f1ola de Protecci\u00f3n de Datos<\/a><\/p>\n<p><strong>Posibilidad de retirar el consentimiento<\/strong>:<br \/>En el caso de que se haya otorgado el consentimiento para alguna finalidad espec\u00edfica, usted tiene derecho a retirar el consentimiento en cualquier momento, sin que ello afecte a la licitud del tratamiento basado en el consentimiento previo a su retirada.<\/p>\n<p><strong>C\u00f3mo reclamar ante la Autoridad de Control:<\/strong><br \/>Si un usuario considera que hay un problema con la forma en que <strong>CARLOS ADEVA GARC\u00cdA<\/strong> est\u00e1 manejando sus datos, puede dirigir sus reclamaciones al Responsable de Seguridad de <strong>CARLOS ADEVA GARC\u00cdA<\/strong> o a la autoridad de protecci\u00f3n de datos que corresponda, siendo la <a href=\"https:\/\/www.aepd.es\/\" target=\"_blank\" rel=\"noreferrer noopener\">Agencia Espa\u00f1ola de Protecci\u00f3n de Datos<\/a> la indicada en el caso de Espa\u00f1a.<\/p>\n<p>\u00a0<\/p>\n<h3>CONSERVACI\u00d3N DE LOS DATOS<\/h3>\n<p><strong>Datos desagregados<\/strong>:<br \/>Los datos desagregados ser\u00e1n conservados sin plazo de supresi\u00f3n.<\/p>\n<p><strong>Datos de los Usuarios o Colaboradores<\/strong>:<br \/>El periodo de conservaci\u00f3n de los datos personales variar\u00e1 en funci\u00f3n del servicio que el Cliente contrate. En cualquier caso, ser\u00e1 el m\u00ednimo necesario, pudiendo mantenerse hasta:<\/p>\n<ul>\n<li>4 a\u00f1os: Ley sobre Infracciones y Sanciones en el Orden Social (obligaciones en materia de afiliaci\u00f3n, altas, bajas, cotizaci\u00f3n, pago de salarios\u2026); Arts. 66 y sig. Ley General Tributaria (libros de contabilidad\u2026)<\/li>\n<li>5 a\u00f1os: Art. 1964 C\u00f3digo Civil (acciones personales sin plazo especial)<\/li>\n<li>6 a\u00f1os: Art. 30 C\u00f3digo de Comercio (libros de contabilidad, facturas\u2026)<\/li>\n<li>10 a\u00f1os: Art. 25 Ley de Prevenci\u00f3n del Blanqueo de Capitales y Financiaci\u00f3n del Terrorismo.<\/li>\n<\/ul>\n<p>\u00a0<\/p>\n<h3>PROCEDENCIA, FINALIDADES Y LEGITIMIDAD<\/h3>\n<p>E-MAIL, FORMULARIOS DE CONTACTO Y MEDIOS DE COMUNICACI\u00d3N TRADICIONALES<\/p>\n<p>\u00a0<\/p>\n<p><strong>Web y hosting: <\/strong>\u00a0<br \/>El Sitio Web de <strong>Carlos Adeva<\/strong> cuenta con un cifrado SSL TLS v.1.2 que permite usuario el env\u00edo seguro de sus datos personales a trav\u00e9s de formularios de contacto de tipo est\u00e1ndar disponibles en la web y alojados en los servidores\u00a0<a href=\"https:\/\/www.ionos.es\/terms-gtc\/politica-de-privacidad\/?source=termsandconditions\" target=\"_blank\" rel=\"noreferrer noopener\">IONOS Cloud S.L.U.<\/a><\/p>\n<p><strong>Datos recabados a trav\u00e9s de la web:<\/strong><br \/>Los datos personales recogidos ser\u00e1n objeto de tratamiento automatizado e incorporados a los correspondientes ficheros de los que <strong>CARLOS ADEVA GARC\u00cdA<\/strong> es titular.<br \/>Asimismo, podr\u00e1 facilitar sus datos a trav\u00e9s correo electr\u00f3nico y otros medios de comunicaci\u00f3n.<\/p>\n<p><strong>Correo electr\u00f3nico:<\/strong><br \/>El prestador de servicios de correo electr\u00f3nico usado por <strong>CARLOS ADEVA GARC\u00cdA <\/strong>es <a href=\"https:\/\/www.ionos.es\/terms-gtc\/politica-de-privacidad\/?source=termsandconditions\" target=\"_blank\" rel=\"noreferrer noopener\">IONOS Cloud S.L.U.<\/a><\/p>\n<p><strong>Mensajer\u00eda instant\u00e1nea:<\/strong><br \/><strong>CARLOS ADEVA GARC\u00cdA <\/strong>no presta servicio a trav\u00e9s de mensajer\u00eda instant\u00e1nea como, por ejemplo, WhatsApp, Facebook, Telegram, Messenger, KakaoTalk o Line.<\/p>\n<p><strong>Finalidad y legitimaci\u00f3n:<\/strong><br \/>La finalidad del tratamiento de estos datos ser\u00e1 \u00fanicamente la de prestarle la informaci\u00f3n o servicios que nos solicite.<\/p>\t\t\t\t\t\t\t\t<\/div>\n\t\t\t\t<\/div>\n\t\t\t\t\t<\/div>\n\t\t\t\t<\/div>\n\t\t<div class=\"elementor-element elementor-element-5245f04 e-grid e-con-boxed parallax_section_no qode_elementor_container_no e-con e-parent\" data-id=\"5245f04\" data-element_type=\"container\" data-e-type=\"container\">\n\t\t\t\t\t<div class=\"e-con-inner\">\n\t\t\t\t<div class=\"elementor-element elementor-element-b37db31 elementor-widget elementor-widget-text-editor\" data-id=\"b37db31\" data-element_type=\"widget\" data-e-type=\"widget\" data-widget_type=\"text-editor.default\">\n\t\t\t\t<div class=\"elementor-widget-container\">\n\t\t\t\t\t\t\t\t\t<h2>COOKIES<\/h2>\n<p>\u00a0<\/p>\n<p>El sitio web de <strong>CARLOS ADEVA GARC\u00cdA<\/strong> utiliza cookies propias y de terceros para mejorar nuestros servicios y con el \u00fanico fin de realizar el an\u00e1lisis de sus h\u00e1bitos de navegaci\u00f3n.<\/p>\n<p>Toda la informaci\u00f3n acerca de las cookies utilizadas en este sitio web as\u00ed como indicaciones para su gesti\u00f3n y eliminaci\u00f3n est\u00e1n disponibles en nuestra <a href=\"https:\/\/carlosadeva.com\/en\/politica-de-cookies\/\" target=\"_blank\" rel=\"noreferrer noopener\">Pol\u00edtica de Cookies<\/a>.<\/p>\t\t\t\t\t\t\t\t<\/div>\n\t\t\t\t<\/div>\n\t\t\t\t\t<\/div>\n\t\t\t\t<\/div>\n\t\t<div class=\"elementor-element elementor-element-51cb224 e-grid e-con-boxed parallax_section_no qode_elementor_container_no e-con e-parent\" data-id=\"51cb224\" data-element_type=\"container\" data-e-type=\"container\">\n\t\t\t\t\t<div class=\"e-con-inner\">\n\t\t\t\t<div class=\"elementor-element elementor-element-5a429c6 elementor-widget elementor-widget-text-editor\" data-id=\"5a429c6\" data-element_type=\"widget\" data-e-type=\"widget\" data-widget_type=\"text-editor.default\">\n\t\t\t\t<div class=\"elementor-widget-container\">\n\t\t\t\t\t\t\t\t\t<h2>CONFIDENCIALIDAD Y PLAZO DE CUSTODIA DOCUMENTAL<\/h2>\n<p>\u00a0<\/p>\n<p><strong>Secreto profesional.<\/strong><br \/>Los profesionales que trabajan en <strong>CARLOS ADEVA GARC\u00cdA <\/strong>est\u00e1n comprometidos a no divulgar ni hacer uso de la informaci\u00f3n a la que hayan accedido por raz\u00f3n de su profesi\u00f3n. La informaci\u00f3n suministrada por el cliente tendr\u00e1, en todo caso, la consideraci\u00f3n de confidencial, sin que pueda ser utilizada para otros fines que los relacionados con los servicios contratados a <strong>CARLOS ADEVA GARC\u00cdA<br \/><\/strong><\/p>\n<p><strong>CARLOS ADEVA GARC\u00cdA<\/strong> se obliga a no divulgar ni revelar informaci\u00f3n sobre las pretensiones del cliente, los motivos del contrato realizado o la duraci\u00f3n de su relaci\u00f3n con este.<\/p>\n<p>\u00a0<\/p>\n<p><strong>Custodia documental.<\/strong> <br \/>Con el objetivo de preservar y garantizar la confidencialidad, <strong>CARLOS ADEVA GARC\u00cdA <\/strong>se compromete a destruir toda la informaci\u00f3n confidencial a la que por raz\u00f3n de una prestaci\u00f3n de servicios haya tenido acceso una vez transcurridos 90 d\u00edas desde la finalizaci\u00f3n del servicio al cliente, salvo que exista una obligaci\u00f3n legal para su conservaci\u00f3n. Si el cliente desea conservar el original o una copia de dicha informaci\u00f3n, deber\u00e1 imprimirla o guardarla por sus propios medios o acudir a la sede de <strong>CARLOS ADEVA GARC\u00cdA <\/strong>para recogerla antes de su destrucci\u00f3n.<\/p>\n<p>\u00a0<\/p>\t\t\t\t\t\t\t\t<\/div>\n\t\t\t\t<\/div>\n\t\t\t\t\t<\/div>\n\t\t\t\t<\/div>\n\t\t<div class=\"elementor-element elementor-element-104d8a1 e-grid e-con-boxed parallax_section_no qode_elementor_container_no e-con e-parent\" data-id=\"104d8a1\" data-element_type=\"container\" data-e-type=\"container\">\n\t\t\t\t\t<div class=\"e-con-inner\">\n\t\t\t\t<div class=\"elementor-element elementor-element-98db704 elementor-widget elementor-widget-text-editor\" data-id=\"98db704\" data-element_type=\"widget\" data-e-type=\"widget\" data-widget_type=\"text-editor.default\">\n\t\t\t\t<div class=\"elementor-widget-container\">\n\t\t\t\t\t\t\t\t\t<h2>MARCA, DOMINIO Y CONTENIDO DE LOS SITIOS WEB DE CARLOS ADEVA<\/h2>\n<p>\u00a0<\/p>\n<p><strong>CARLOS ADEVA GARC\u00cdA<\/strong> es titular \u00fanico de los derechos patrimoniales existentes sobre la marca <strong>CARLOS ADEVA GARC\u00cdA<\/strong>, los dominios y los dem\u00e1s activos digitales, incluidos los contenidos del sitio web.<\/p>\n<p>Los contenidos del Sitio Web corresponden a <strong>CARLOS ADEVA GARC\u00cdA<br \/><\/strong><\/p>\n<p>El Sitio Web contiene textos elaborados con fines meramente informativos o divulgativos que pueden no reflejar el estado actual de los servicios ofrecidos por <strong>CARLOS ADEVA GARC\u00cdA<\/strong>.<\/p>\n<p>Los enlaces externos que contiene este Sitio Web conducen a sitios gestionados por terceros. <strong>CARLOS ADEVA GARC\u00cdA <\/strong>no responde de los contenidos ni del estado de dichos sitios. El uso de enlaces externos tampoco implica que <strong>CARLOS ADEVA GARC\u00cdA <\/strong>recomiende o apruebe los contenidos de las p\u00e1ginas de destino.<\/p>\n<p>\u00a0<\/p>\t\t\t\t\t\t\t\t<\/div>\n\t\t\t\t<\/div>\n\t\t\t\t\t<\/div>\n\t\t\t\t<\/div>\n\t\t<div class=\"elementor-element elementor-element-6f8ddd8 e-grid e-con-boxed parallax_section_no qode_elementor_container_no e-con e-parent\" data-id=\"6f8ddd8\" data-element_type=\"container\" data-e-type=\"container\">\n\t\t\t\t\t<div class=\"e-con-inner\">\n\t\t\t\t<div class=\"elementor-element elementor-element-3551b07 elementor-widget elementor-widget-text-editor\" data-id=\"3551b07\" data-element_type=\"widget\" data-e-type=\"widget\" data-widget_type=\"text-editor.default\">\n\t\t\t\t<div class=\"elementor-widget-container\">\n\t\t\t\t\t\t\t\t\t<h2>NORMATIVA Y RESOLUCI\u00d3N DE CONFLICTOS<\/h2>\n<p>\u00a0<\/p>\n<p>Las presentes Condiciones de Uso del Sitio Web se rigen en todos y cada uno de sus extremos por la <strong>ley espa\u00f1ola<\/strong>. El idioma de redacci\u00f3n e interpretaci\u00f3n de este aviso legal es el <strong>espa\u00f1ol<\/strong>. Este aviso legal no se archivar\u00e1 individualmente para cada usuario sino que permanecer\u00e1 accesible por medio de Internet en este mismo Sitio Web.<\/p>\n<p>Siempre que el Usuario no sea consumidor o usuario, y cuando no haya una norma que obligue a otra cosa, las partes acuerdan someterse a los Juzgados y Tribunales de Zamora capital, por ser este el lugar de celebraci\u00f3n del contrato, con renuncia expresa a cualquier otra jurisdicci\u00f3n que pudiera corresponderles.<\/p>\n<p>\u00a0<\/p>\t\t\t\t\t\t\t\t<\/div>\n\t\t\t\t<\/div>\n\t\t\t\t\t<\/div>\n\t\t\t\t<\/div>\n\t\t\t\t<\/div>","protected":false},"excerpt":{"rendered":"<p>Pol\u00edtica de privacidad Titular del Sitio Web Protecci\u00f3n de Datos Personales Responsable del tratamiento Derechos&#8230;<\/p>","protected":false},"author":1,"featured_media":0,"parent":0,"menu_order":0,"comment_status":"closed","ping_status":"open","template":"","meta":{"footnotes":""},"class_list":["post-3","page","type-page","status-publish","hentry"],"yoast_head":"<!-- This site is optimized with the Yoast SEO plugin v27.4 - https:\/\/yoast.com\/product\/yoast-seo-wordpress\/ -->\n<title>Pol\u00edtica de privacidad - Carlos Adeva<\/title>\n<meta name=\"robots\" content=\"index, follow, max-snippet:-1, max-image-preview:large, max-video-preview:-1\" \/>\n<link rel=\"canonical\" href=\"https:\/\/carlosadeva.com\/en\/politica-privacidad\/\" \/>\n<meta property=\"og:locale\" content=\"en_US\" \/>\n<meta property=\"og:type\" content=\"article\" \/>\n<meta property=\"og:title\" content=\"Pol\u00edtica de privacidad - Carlos Adeva\" \/>\n<meta property=\"og:description\" content=\"Pol\u00edtica de privacidad Titular del Sitio Web Protecci\u00f3n de Datos Personales Responsable del tratamiento Derechos...\" \/>\n<meta property=\"og:url\" content=\"https:\/\/carlosadeva.com\/en\/politica-privacidad\/\" \/>\n<meta property=\"og:site_name\" content=\"Carlos Adeva\" \/>\n<meta property=\"article:modified_time\" content=\"2025-01-07T12:27:47+00:00\" \/>\n<meta name=\"twitter:card\" content=\"summary_large_image\" \/>\n<meta name=\"twitter:label1\" content=\"Est. reading time\" \/>\n\t<meta name=\"twitter:data1\" content=\"6 minutes\" \/>\n<script type=\"application\/ld+json\" class=\"yoast-schema-graph\">{\"@context\":\"https:\\\/\\\/schema.org\",\"@graph\":[{\"@type\":\"WebPage\",\"@id\":\"https:\\\/\\\/carlosadeva.com\\\/politica-privacidad\\\/\",\"url\":\"https:\\\/\\\/carlosadeva.com\\\/politica-privacidad\\\/\",\"name\":\"Pol\u00edtica de privacidad - Carlos Adeva\",\"isPartOf\":{\"@id\":\"https:\\\/\\\/carlosadeva.com\\\/#website\"},\"datePublished\":\"2024-08-28T10:55:21+00:00\",\"dateModified\":\"2025-01-07T12:27:47+00:00\",\"breadcrumb\":{\"@id\":\"https:\\\/\\\/carlosadeva.com\\\/politica-privacidad\\\/#breadcrumb\"},\"inLanguage\":\"en-US\",\"potentialAction\":[{\"@type\":\"ReadAction\",\"target\":[\"https:\\\/\\\/carlosadeva.com\\\/politica-privacidad\\\/\"]}]},{\"@type\":\"BreadcrumbList\",\"@id\":\"https:\\\/\\\/carlosadeva.com\\\/politica-privacidad\\\/#breadcrumb\",\"itemListElement\":[{\"@type\":\"ListItem\",\"position\":1,\"name\":\"Portada\",\"item\":\"https:\\\/\\\/carlosadeva.com\\\/\"},{\"@type\":\"ListItem\",\"position\":2,\"name\":\"Pol\u00edtica de privacidad\"}]},{\"@type\":\"WebSite\",\"@id\":\"https:\\\/\\\/carlosadeva.com\\\/#website\",\"url\":\"https:\\\/\\\/carlosadeva.com\\\/\",\"name\":\"Carlos Adeva\",\"description\":\"Arte\",\"publisher\":{\"@id\":\"https:\\\/\\\/carlosadeva.com\\\/#organization\"},\"potentialAction\":[{\"@type\":\"SearchAction\",\"target\":{\"@type\":\"EntryPoint\",\"urlTemplate\":\"https:\\\/\\\/carlosadeva.com\\\/?s={search_term_string}\"},\"query-input\":{\"@type\":\"PropertyValueSpecification\",\"valueRequired\":true,\"valueName\":\"search_term_string\"}}],\"inLanguage\":\"en-US\"},{\"@type\":\"Organization\",\"@id\":\"https:\\\/\\\/carlosadeva.com\\\/#organization\",\"name\":\"Carlos Adeva\",\"url\":\"https:\\\/\\\/carlosadeva.com\\\/\",\"logo\":{\"@type\":\"ImageObject\",\"inLanguage\":\"en-US\",\"@id\":\"https:\\\/\\\/carlosadeva.com\\\/#\\\/schema\\\/logo\\\/image\\\/\",\"url\":\"https:\\\/\\\/carlosadeva.com\\\/wp-content\\\/uploads\\\/2024\\\/08\\\/cropped-logoweb.png\",\"contentUrl\":\"https:\\\/\\\/carlosadeva.com\\\/wp-content\\\/uploads\\\/2024\\\/08\\\/cropped-logoweb.png\",\"width\":512,\"height\":512,\"caption\":\"Carlos Adeva\"},\"image\":{\"@id\":\"https:\\\/\\\/carlosadeva.com\\\/#\\\/schema\\\/logo\\\/image\\\/\"}}]}<\/script>\n<!-- \/ Yoast SEO plugin. -->","yoast_head_json":{"title":"Pol\u00edtica de privacidad - Carlos Adeva","robots":{"index":"index","follow":"follow","max-snippet":"max-snippet:-1","max-image-preview":"max-image-preview:large","max-video-preview":"max-video-preview:-1"},"canonical":"https:\/\/carlosadeva.com\/en\/politica-privacidad\/","og_locale":"en_US","og_type":"article","og_title":"Pol\u00edtica de privacidad - Carlos Adeva","og_description":"Pol\u00edtica de privacidad Titular del Sitio Web Protecci\u00f3n de Datos Personales Responsable del tratamiento Derechos...","og_url":"https:\/\/carlosadeva.com\/en\/politica-privacidad\/","og_site_name":"Carlos Adeva","article_modified_time":"2025-01-07T12:27:47+00:00","twitter_card":"summary_large_image","twitter_misc":{"Est. reading time":"6 minutes"},"schema":{"@context":"https:\/\/schema.org","@graph":[{"@type":"WebPage","@id":"https:\/\/carlosadeva.com\/politica-privacidad\/","url":"https:\/\/carlosadeva.com\/politica-privacidad\/","name":"Pol\u00edtica de privacidad - Carlos Adeva","isPartOf":{"@id":"https:\/\/carlosadeva.com\/#website"},"datePublished":"2024-08-28T10:55:21+00:00","dateModified":"2025-01-07T12:27:47+00:00","breadcrumb":{"@id":"https:\/\/carlosadeva.com\/politica-privacidad\/#breadcrumb"},"inLanguage":"en-US","potentialAction":[{"@type":"ReadAction","target":["https:\/\/carlosadeva.com\/politica-privacidad\/"]}]},{"@type":"BreadcrumbList","@id":"https:\/\/carlosadeva.com\/politica-privacidad\/#breadcrumb","itemListElement":[{"@type":"ListItem","position":1,"name":"Portada","item":"https:\/\/carlosadeva.com\/"},{"@type":"ListItem","position":2,"name":"Pol\u00edtica de privacidad"}]},{"@type":"WebSite","@id":"https:\/\/carlosadeva.com\/#website","url":"https:\/\/carlosadeva.com\/","name":"Carlos Adeva","description":"Arte","publisher":{"@id":"https:\/\/carlosadeva.com\/#organization"},"potentialAction":[{"@type":"SearchAction","target":{"@type":"EntryPoint","urlTemplate":"https:\/\/carlosadeva.com\/?s={search_term_string}"},"query-input":{"@type":"PropertyValueSpecification","valueRequired":true,"valueName":"search_term_string"}}],"inLanguage":"en-US"},{"@type":"Organization","@id":"https:\/\/carlosadeva.com\/#organization","name":"Carlos Adeva","url":"https:\/\/carlosadeva.com\/","logo":{"@type":"ImageObject","inLanguage":"en-US","@id":"https:\/\/carlosadeva.com\/#\/schema\/logo\/image\/","url":"https:\/\/carlosadeva.com\/wp-content\/uploads\/2024\/08\/cropped-logoweb.png","contentUrl":"https:\/\/carlosadeva.com\/wp-content\/uploads\/2024\/08\/cropped-logoweb.png","width":512,"height":512,"caption":"Carlos Adeva"},"image":{"@id":"https:\/\/carlosadeva.com\/#\/schema\/logo\/image\/"}}]}},"_links":{"self":[{"href":"https:\/\/carlosadeva.com\/en\/wp-json\/wp\/v2\/pages\/3","targetHints":{"allow":["GET"]}}],"collection":[{"href":"https:\/\/carlosadeva.com\/en\/wp-json\/wp\/v2\/pages"}],"about":[{"href":"https:\/\/carlosadeva.com\/en\/wp-json\/wp\/v2\/types\/page"}],"author":[{"embeddable":true,"href":"https:\/\/carlosadeva.com\/en\/wp-json\/wp\/v2\/users\/1"}],"replies":[{"embeddable":true,"href":"https:\/\/carlosadeva.com\/en\/wp-json\/wp\/v2\/comments?post=3"}],"version-history":[{"count":3,"href":"https:\/\/carlosadeva.com\/en\/wp-json\/wp\/v2\/pages\/3\/revisions"}],"predecessor-version":[{"id":424,"href":"https:\/\/carlosadeva.com\/en\/wp-json\/wp\/v2\/pages\/3\/revisions\/424"}],"wp:attachment":[{"href":"https:\/\/carlosadeva.com\/en\/wp-json\/wp\/v2\/media?parent=3"}],"curies":[{"name":"wp","href":"https:\/\/api.w.org\/{rel}","templated":true}]}}