{"id":300,"date":"2024-09-11T14:26:34","date_gmt":"2024-09-11T12:26:34","guid":{"rendered":"https:\/\/carlosadeva.com\/?page_id=300"},"modified":"2024-09-11T14:28:45","modified_gmt":"2024-09-11T12:28:45","slug":"pintura-medieval","status":"publish","type":"page","link":"https:\/\/carlosadeva.com\/en\/pintura-medieval\/","title":{"rendered":"Pintura medieval"},"content":{"rendered":"<div data-elementor-type=\"wp-page\" data-elementor-id=\"300\" class=\"elementor elementor-300\">\n\t\t\t\t<div class=\"elementor-element elementor-element-0f4e3ae e-grid e-con-boxed parallax_section_no qode_elementor_container_no e-con e-parent\" data-id=\"0f4e3ae\" data-element_type=\"container\" data-e-type=\"container\">\n\t\t\t\t\t<div class=\"e-con-inner\">\n\t\t\t\t<div class=\"elementor-element elementor-element-45cfdef elementor-widget elementor-widget-heading\" data-id=\"45cfdef\" data-element_type=\"widget\" data-e-type=\"widget\" data-widget_type=\"heading.default\">\n\t\t\t\t<div class=\"elementor-widget-container\">\n\t\t\t\t\t<h1 class=\"elementor-heading-title elementor-size-default\">PINTURA MEDIEVAL<\/h1>\t\t\t\t<\/div>\n\t\t\t\t<\/div>\n\t\t\t\t\t<\/div>\n\t\t\t\t<\/div>\n\t\t<div class=\"elementor-element elementor-element-d7ed943 e-grid e-con-boxed parallax_section_no qode_elementor_container_no e-con e-parent\" data-id=\"d7ed943\" data-element_type=\"container\" data-e-type=\"container\">\n\t\t\t\t\t<div class=\"e-con-inner\">\n\t\t\t\t<div class=\"elementor-element elementor-element-7a88f2e elementor-widget elementor-widget-spacer\" data-id=\"7a88f2e\" data-element_type=\"widget\" data-e-type=\"widget\" data-widget_type=\"spacer.default\">\n\t\t\t\t<div class=\"elementor-widget-container\">\n\t\t\t\t\t\t\t<div class=\"elementor-spacer\">\n\t\t\t<div class=\"elementor-spacer-inner\"><\/div>\n\t\t<\/div>\n\t\t\t\t\t\t<\/div>\n\t\t\t\t<\/div>\n\t\t\t\t\t<\/div>\n\t\t\t\t<\/div>\n\t\t<div class=\"elementor-element elementor-element-a53796e e-grid e-con-boxed parallax_section_no qode_elementor_container_no e-con e-parent\" data-id=\"a53796e\" data-element_type=\"container\" data-e-type=\"container\">\n\t\t\t\t\t<div class=\"e-con-inner\">\n\t\t\t\t<div class=\"elementor-element elementor-element-5fc4153 elementor-widget elementor-widget-image\" data-id=\"5fc4153\" data-element_type=\"widget\" data-e-type=\"widget\" data-widget_type=\"image.default\">\n\t\t\t\t<div class=\"elementor-widget-container\">\n\t\t\t\t\t\t\t\t\t\t\t\t\t\t\t<img fetchpriority=\"high\" decoding=\"async\" width=\"783\" height=\"1024\" src=\"https:\/\/carlosadeva.com\/wp-content\/uploads\/2024\/09\/angel_musico-783x1024.jpg\" class=\"attachment-large size-large wp-image-304\" alt=\"\u00c1ngel M\u00fasico, Catedral de Valencia - Carlos Adeva\" srcset=\"https:\/\/carlosadeva.com\/wp-content\/uploads\/2024\/09\/angel_musico-783x1024.jpg 783w, https:\/\/carlosadeva.com\/wp-content\/uploads\/2024\/09\/angel_musico-229x300.jpg 229w, https:\/\/carlosadeva.com\/wp-content\/uploads\/2024\/09\/angel_musico-768x1004.jpg 768w, https:\/\/carlosadeva.com\/wp-content\/uploads\/2024\/09\/angel_musico-1175x1536.jpg 1175w, https:\/\/carlosadeva.com\/wp-content\/uploads\/2024\/09\/angel_musico-700x915.jpg 700w, https:\/\/carlosadeva.com\/wp-content\/uploads\/2024\/09\/angel_musico-600x785.jpg 600w, https:\/\/carlosadeva.com\/wp-content\/uploads\/2024\/09\/angel_musico.jpg 1200w\" sizes=\"(max-width: 783px) 100vw, 783px\" \/>\t\t\t\t\t\t\t\t\t\t\t\t\t\t\t<\/div>\n\t\t\t\t<\/div>\n\t\t\t\t<div class=\"elementor-element elementor-element-df8cdd5 elementor-widget elementor-widget-text-editor\" data-id=\"df8cdd5\" data-element_type=\"widget\" data-e-type=\"widget\" data-widget_type=\"text-editor.default\">\n\t\t\t\t<div class=\"elementor-widget-container\">\n\t\t\t\t\t\t\t\t\t<p>Pintura \u00ab\u00c1ngel M\u00fasico\u00bb. <\/p><p>Realizada en acr\u00edlico sobre placa de yeso.<\/p><p>Se trata de una interpretaci\u00f3n de los \u00e1ngeles m\u00fasicos de la Catedral de Valencia. Estas pinturas aparecieron despu\u00e9s de estar ocultas durante muchos a\u00f1os en el techo de dicha catedral.<br \/>Con influencias italianas, se consideran las primeras pinturas murales renacentistas ejecutadas en Espa\u00f1a.<\/p><p>\u00a0<\/p><p><strong>Ver m\u00e1s<\/strong><\/p>\t\t\t\t\t\t\t\t<\/div>\n\t\t\t\t<\/div>\n\t\t\t\t\t<\/div>\n\t\t\t\t<\/div>\n\t\t<div class=\"elementor-element elementor-element-94b08c6 e-grid e-con-boxed parallax_section_no qode_elementor_container_no e-con e-parent\" data-id=\"94b08c6\" data-element_type=\"container\" data-e-type=\"container\">\n\t\t\t\t\t<div class=\"e-con-inner\">\n\t\t\t\t<div class=\"elementor-element elementor-element-67febdf elementor-widget elementor-widget-spacer\" data-id=\"67febdf\" data-element_type=\"widget\" data-e-type=\"widget\" data-widget_type=\"spacer.default\">\n\t\t\t\t<div class=\"elementor-widget-container\">\n\t\t\t\t\t\t\t<div class=\"elementor-spacer\">\n\t\t\t<div class=\"elementor-spacer-inner\"><\/div>\n\t\t<\/div>\n\t\t\t\t\t\t<\/div>\n\t\t\t\t<\/div>\n\t\t\t\t\t<\/div>\n\t\t\t\t<\/div>\n\t\t<div class=\"elementor-element elementor-element-3c90fc3 e-grid e-con-boxed parallax_section_no qode_elementor_container_no e-con e-parent\" data-id=\"3c90fc3\" data-element_type=\"container\" data-e-type=\"container\">\n\t\t\t\t\t<div class=\"e-con-inner\">\n\t\t\t\t<div class=\"elementor-element elementor-element-ab50a8d elementor-widget elementor-widget-text-editor\" data-id=\"ab50a8d\" data-element_type=\"widget\" data-e-type=\"widget\" data-widget_type=\"text-editor.default\">\n\t\t\t\t<div class=\"elementor-widget-container\">\n\t\t\t\t\t\t\t\t\t<p>Obra \u00abV\u00edrgenes\u00bb.<\/p><p>\u00a0<\/p><p><strong>Ver m\u00e1s<\/strong><\/p>\t\t\t\t\t\t\t\t<\/div>\n\t\t\t\t<\/div>\n\t\t\t\t<div class=\"elementor-element elementor-element-ffadf74 elementor-widget elementor-widget-image\" data-id=\"ffadf74\" data-element_type=\"widget\" data-e-type=\"widget\" data-widget_type=\"image.default\">\n\t\t\t\t<div class=\"elementor-widget-container\">\n\t\t\t\t\t\t\t\t\t\t\t\t\t\t\t<img decoding=\"async\" width=\"783\" height=\"1024\" src=\"https:\/\/carlosadeva.com\/wp-content\/uploads\/2024\/09\/pintura_medieval_virgenes-783x1024.jpg\" class=\"attachment-large size-large wp-image-308\" alt=\"Obra V\u00edrgenes, colecci\u00f3n de Pintura Medieval - Carlos Adeva\" srcset=\"https:\/\/carlosadeva.com\/wp-content\/uploads\/2024\/09\/pintura_medieval_virgenes-783x1024.jpg 783w, https:\/\/carlosadeva.com\/wp-content\/uploads\/2024\/09\/pintura_medieval_virgenes-229x300.jpg 229w, https:\/\/carlosadeva.com\/wp-content\/uploads\/2024\/09\/pintura_medieval_virgenes-768x1004.jpg 768w, https:\/\/carlosadeva.com\/wp-content\/uploads\/2024\/09\/pintura_medieval_virgenes-1175x1536.jpg 1175w, https:\/\/carlosadeva.com\/wp-content\/uploads\/2024\/09\/pintura_medieval_virgenes-700x915.jpg 700w, https:\/\/carlosadeva.com\/wp-content\/uploads\/2024\/09\/pintura_medieval_virgenes-600x785.jpg 600w, https:\/\/carlosadeva.com\/wp-content\/uploads\/2024\/09\/pintura_medieval_virgenes.jpg 1200w\" sizes=\"(max-width: 783px) 100vw, 783px\" \/>\t\t\t\t\t\t\t\t\t\t\t\t\t\t\t<\/div>\n\t\t\t\t<\/div>\n\t\t\t\t\t<\/div>\n\t\t\t\t<\/div>\n\t\t<div class=\"elementor-element elementor-element-c856116 e-grid e-con-boxed parallax_section_no qode_elementor_container_no e-con e-parent\" data-id=\"c856116\" data-element_type=\"container\" data-e-type=\"container\">\n\t\t\t\t\t<div class=\"e-con-inner\">\n\t\t\t\t<div class=\"elementor-element elementor-element-7dfd833 elementor-widget elementor-widget-spacer\" data-id=\"7dfd833\" data-element_type=\"widget\" data-e-type=\"widget\" data-widget_type=\"spacer.default\">\n\t\t\t\t<div class=\"elementor-widget-container\">\n\t\t\t\t\t\t\t<div class=\"elementor-spacer\">\n\t\t\t<div class=\"elementor-spacer-inner\"><\/div>\n\t\t<\/div>\n\t\t\t\t\t\t<\/div>\n\t\t\t\t<\/div>\n\t\t\t\t\t<\/div>\n\t\t\t\t<\/div>\n\t\t\t\t<\/div>","protected":false},"excerpt":{"rendered":"<p>PINTURA MEDIEVAL Pintura \u00ab\u00c1ngel M\u00fasico\u00bb. Realizada en acr\u00edlico sobre placa de yeso. Se trata de&#8230;<\/p>","protected":false},"author":1,"featured_media":0,"parent":0,"menu_order":0,"comment_status":"closed","ping_status":"closed","template":"","meta":{"footnotes":""},"class_list":["post-300","page","type-page","status-publish","hentry"],"yoast_head":"<!-- This site is optimized with the Yoast SEO plugin v27.4 - https:\/\/yoast.com\/product\/yoast-seo-wordpress\/ -->\n<title>Pintura medieval - Carlos Adeva<\/title>\n<meta name=\"robots\" content=\"index, follow, max-snippet:-1, max-image-preview:large, max-video-preview:-1\" \/>\n<link rel=\"canonical\" href=\"https:\/\/carlosadeva.com\/en\/pintura-medieval\/\" \/>\n<meta property=\"og:locale\" content=\"en_US\" \/>\n<meta property=\"og:type\" content=\"article\" \/>\n<meta property=\"og:title\" content=\"Pintura medieval - Carlos Adeva\" \/>\n<meta property=\"og:description\" content=\"PINTURA MEDIEVAL Pintura \u00ab\u00c1ngel M\u00fasico\u00bb. Realizada en acr\u00edlico sobre placa de yeso. Se trata de...\" \/>\n<meta property=\"og:url\" content=\"https:\/\/carlosadeva.com\/en\/pintura-medieval\/\" \/>\n<meta property=\"og:site_name\" content=\"Carlos Adeva\" \/>\n<meta property=\"article:modified_time\" content=\"2024-09-11T12:28:45+00:00\" \/>\n<meta property=\"og:image\" content=\"https:\/\/carlosadeva.com\/wp-content\/uploads\/2024\/09\/angel_musico-783x1024.jpg\" \/>\n<meta name=\"twitter:card\" content=\"summary_large_image\" \/>\n<meta name=\"twitter:label1\" content=\"Est. reading time\" \/>\n\t<meta name=\"twitter:data1\" content=\"1 minute\" \/>\n<script type=\"application\/ld+json\" class=\"yoast-schema-graph\">{\"@context\":\"https:\\\/\\\/schema.org\",\"@graph\":[{\"@type\":\"WebPage\",\"@id\":\"https:\\\/\\\/carlosadeva.com\\\/pintura-medieval\\\/\",\"url\":\"https:\\\/\\\/carlosadeva.com\\\/pintura-medieval\\\/\",\"name\":\"Pintura medieval - Carlos Adeva\",\"isPartOf\":{\"@id\":\"https:\\\/\\\/carlosadeva.com\\\/#website\"},\"primaryImageOfPage\":{\"@id\":\"https:\\\/\\\/carlosadeva.com\\\/pintura-medieval\\\/#primaryimage\"},\"image\":{\"@id\":\"https:\\\/\\\/carlosadeva.com\\\/pintura-medieval\\\/#primaryimage\"},\"thumbnailUrl\":\"https:\\\/\\\/carlosadeva.com\\\/wp-content\\\/uploads\\\/2024\\\/09\\\/angel_musico-783x1024.jpg\",\"datePublished\":\"2024-09-11T12:26:34+00:00\",\"dateModified\":\"2024-09-11T12:28:45+00:00\",\"breadcrumb\":{\"@id\":\"https:\\\/\\\/carlosadeva.com\\\/pintura-medieval\\\/#breadcrumb\"},\"inLanguage\":\"en-US\",\"potentialAction\":[{\"@type\":\"ReadAction\",\"target\":[\"https:\\\/\\\/carlosadeva.com\\\/pintura-medieval\\\/\"]}]},{\"@type\":\"ImageObject\",\"inLanguage\":\"en-US\",\"@id\":\"https:\\\/\\\/carlosadeva.com\\\/pintura-medieval\\\/#primaryimage\",\"url\":\"https:\\\/\\\/carlosadeva.com\\\/wp-content\\\/uploads\\\/2024\\\/09\\\/angel_musico-783x1024.jpg\",\"contentUrl\":\"https:\\\/\\\/carlosadeva.com\\\/wp-content\\\/uploads\\\/2024\\\/09\\\/angel_musico-783x1024.jpg\"},{\"@type\":\"BreadcrumbList\",\"@id\":\"https:\\\/\\\/carlosadeva.com\\\/pintura-medieval\\\/#breadcrumb\",\"itemListElement\":[{\"@type\":\"ListItem\",\"position\":1,\"name\":\"Portada\",\"item\":\"https:\\\/\\\/carlosadeva.com\\\/\"},{\"@type\":\"ListItem\",\"position\":2,\"name\":\"Pintura medieval\"}]},{\"@type\":\"WebSite\",\"@id\":\"https:\\\/\\\/carlosadeva.com\\\/#website\",\"url\":\"https:\\\/\\\/carlosadeva.com\\\/\",\"name\":\"Carlos Adeva\",\"description\":\"Arte\",\"publisher\":{\"@id\":\"https:\\\/\\\/carlosadeva.com\\\/#organization\"},\"potentialAction\":[{\"@type\":\"SearchAction\",\"target\":{\"@type\":\"EntryPoint\",\"urlTemplate\":\"https:\\\/\\\/carlosadeva.com\\\/?s={search_term_string}\"},\"query-input\":{\"@type\":\"PropertyValueSpecification\",\"valueRequired\":true,\"valueName\":\"search_term_string\"}}],\"inLanguage\":\"en-US\"},{\"@type\":\"Organization\",\"@id\":\"https:\\\/\\\/carlosadeva.com\\\/#organization\",\"name\":\"Carlos Adeva\",\"url\":\"https:\\\/\\\/carlosadeva.com\\\/\",\"logo\":{\"@type\":\"ImageObject\",\"inLanguage\":\"en-US\",\"@id\":\"https:\\\/\\\/carlosadeva.com\\\/#\\\/schema\\\/logo\\\/image\\\/\",\"url\":\"https:\\\/\\\/carlosadeva.com\\\/wp-content\\\/uploads\\\/2024\\\/08\\\/cropped-logoweb.png\",\"contentUrl\":\"https:\\\/\\\/carlosadeva.com\\\/wp-content\\\/uploads\\\/2024\\\/08\\\/cropped-logoweb.png\",\"width\":512,\"height\":512,\"caption\":\"Carlos Adeva\"},\"image\":{\"@id\":\"https:\\\/\\\/carlosadeva.com\\\/#\\\/schema\\\/logo\\\/image\\\/\"}}]}<\/script>\n<!-- \/ Yoast SEO plugin. -->","yoast_head_json":{"title":"Pintura medieval - Carlos Adeva","robots":{"index":"index","follow":"follow","max-snippet":"max-snippet:-1","max-image-preview":"max-image-preview:large","max-video-preview":"max-video-preview:-1"},"canonical":"https:\/\/carlosadeva.com\/en\/pintura-medieval\/","og_locale":"en_US","og_type":"article","og_title":"Pintura medieval - Carlos Adeva","og_description":"PINTURA MEDIEVAL Pintura \u00ab\u00c1ngel M\u00fasico\u00bb. Realizada en acr\u00edlico sobre placa de yeso. Se trata de...","og_url":"https:\/\/carlosadeva.com\/en\/pintura-medieval\/","og_site_name":"Carlos Adeva","article_modified_time":"2024-09-11T12:28:45+00:00","og_image":[{"url":"https:\/\/carlosadeva.com\/wp-content\/uploads\/2024\/09\/angel_musico-783x1024.jpg","type":"","width":"","height":""}],"twitter_card":"summary_large_image","twitter_misc":{"Est. reading time":"1 minute"},"schema":{"@context":"https:\/\/schema.org","@graph":[{"@type":"WebPage","@id":"https:\/\/carlosadeva.com\/pintura-medieval\/","url":"https:\/\/carlosadeva.com\/pintura-medieval\/","name":"Pintura medieval - Carlos Adeva","isPartOf":{"@id":"https:\/\/carlosadeva.com\/#website"},"primaryImageOfPage":{"@id":"https:\/\/carlosadeva.com\/pintura-medieval\/#primaryimage"},"image":{"@id":"https:\/\/carlosadeva.com\/pintura-medieval\/#primaryimage"},"thumbnailUrl":"https:\/\/carlosadeva.com\/wp-content\/uploads\/2024\/09\/angel_musico-783x1024.jpg","datePublished":"2024-09-11T12:26:34+00:00","dateModified":"2024-09-11T12:28:45+00:00","breadcrumb":{"@id":"https:\/\/carlosadeva.com\/pintura-medieval\/#breadcrumb"},"inLanguage":"en-US","potentialAction":[{"@type":"ReadAction","target":["https:\/\/carlosadeva.com\/pintura-medieval\/"]}]},{"@type":"ImageObject","inLanguage":"en-US","@id":"https:\/\/carlosadeva.com\/pintura-medieval\/#primaryimage","url":"https:\/\/carlosadeva.com\/wp-content\/uploads\/2024\/09\/angel_musico-783x1024.jpg","contentUrl":"https:\/\/carlosadeva.com\/wp-content\/uploads\/2024\/09\/angel_musico-783x1024.jpg"},{"@type":"BreadcrumbList","@id":"https:\/\/carlosadeva.com\/pintura-medieval\/#breadcrumb","itemListElement":[{"@type":"ListItem","position":1,"name":"Portada","item":"https:\/\/carlosadeva.com\/"},{"@type":"ListItem","position":2,"name":"Pintura medieval"}]},{"@type":"WebSite","@id":"https:\/\/carlosadeva.com\/#website","url":"https:\/\/carlosadeva.com\/","name":"Carlos Adeva","description":"Arte","publisher":{"@id":"https:\/\/carlosadeva.com\/#organization"},"potentialAction":[{"@type":"SearchAction","target":{"@type":"EntryPoint","urlTemplate":"https:\/\/carlosadeva.com\/?s={search_term_string}"},"query-input":{"@type":"PropertyValueSpecification","valueRequired":true,"valueName":"search_term_string"}}],"inLanguage":"en-US"},{"@type":"Organization","@id":"https:\/\/carlosadeva.com\/#organization","name":"Carlos Adeva","url":"https:\/\/carlosadeva.com\/","logo":{"@type":"ImageObject","inLanguage":"en-US","@id":"https:\/\/carlosadeva.com\/#\/schema\/logo\/image\/","url":"https:\/\/carlosadeva.com\/wp-content\/uploads\/2024\/08\/cropped-logoweb.png","contentUrl":"https:\/\/carlosadeva.com\/wp-content\/uploads\/2024\/08\/cropped-logoweb.png","width":512,"height":512,"caption":"Carlos Adeva"},"image":{"@id":"https:\/\/carlosadeva.com\/#\/schema\/logo\/image\/"}}]}},"_links":{"self":[{"href":"https:\/\/carlosadeva.com\/en\/wp-json\/wp\/v2\/pages\/300","targetHints":{"allow":["GET"]}}],"collection":[{"href":"https:\/\/carlosadeva.com\/en\/wp-json\/wp\/v2\/pages"}],"about":[{"href":"https:\/\/carlosadeva.com\/en\/wp-json\/wp\/v2\/types\/page"}],"author":[{"embeddable":true,"href":"https:\/\/carlosadeva.com\/en\/wp-json\/wp\/v2\/users\/1"}],"replies":[{"embeddable":true,"href":"https:\/\/carlosadeva.com\/en\/wp-json\/wp\/v2\/comments?post=300"}],"version-history":[{"count":12,"href":"https:\/\/carlosadeva.com\/en\/wp-json\/wp\/v2\/pages\/300\/revisions"}],"predecessor-version":[{"id":314,"href":"https:\/\/carlosadeva.com\/en\/wp-json\/wp\/v2\/pages\/300\/revisions\/314"}],"wp:attachment":[{"href":"https:\/\/carlosadeva.com\/en\/wp-json\/wp\/v2\/media?parent=300"}],"curies":[{"name":"wp","href":"https:\/\/api.w.org\/{rel}","templated":true}]}}