{"id":59,"date":"2019-12-27T09:04:35","date_gmt":"2019-12-27T09:04:35","guid":{"rendered":"https:\/\/bridge308.qodeinteractive.com\/?page_id=59"},"modified":"2024-09-25T09:24:24","modified_gmt":"2024-09-25T07:24:24","slug":"sobre-mi","status":"publish","type":"page","link":"https:\/\/carlosadeva.com\/en\/sobre-mi\/","title":{"rendered":"About"},"content":{"rendered":"<div data-elementor-type=\"wp-page\" data-elementor-id=\"59\" class=\"elementor elementor-59\">\n\t\t\t\t\t\t<section class=\"elementor-section elementor-top-section elementor-element elementor-element-d419b55 elementor-section-full_width elementor-section-height-default elementor-section-height-default parallax_section_no qode_elementor_container_no\" data-id=\"d419b55\" data-element_type=\"section\" data-e-type=\"section\">\n\t\t\t\t\t\t<div class=\"elementor-container elementor-column-gap-default\">\n\t\t\t\t\t<div class=\"elementor-column elementor-col-50 elementor-top-column elementor-element elementor-element-b41d3b1\" data-id=\"b41d3b1\" data-element_type=\"column\" data-e-type=\"column\">\n\t\t\t<div class=\"elementor-widget-wrap elementor-element-populated\">\n\t\t\t\t\t\t<div class=\"elementor-element elementor-element-41d2fae elementor-widget elementor-widget-image\" data-id=\"41d2fae\" data-element_type=\"widget\" data-e-type=\"widget\" data-widget_type=\"image.default\">\n\t\t\t\t<div class=\"elementor-widget-container\">\n\t\t\t\t\t\t\t\t\t\t\t\t\t\t\t<img fetchpriority=\"high\" decoding=\"async\" width=\"264\" height=\"300\" src=\"https:\/\/carlosadeva.com\/wp-content\/uploads\/2024\/09\/X-Adeva-264x300.png\" class=\"attachment-medium size-medium wp-image-404\" alt=\"X - Carlos Adeva\" srcset=\"https:\/\/carlosadeva.com\/wp-content\/uploads\/2024\/09\/X-Adeva-264x300.png 264w, https:\/\/carlosadeva.com\/wp-content\/uploads\/2024\/09\/X-Adeva-900x1024.png 900w, https:\/\/carlosadeva.com\/wp-content\/uploads\/2024\/09\/X-Adeva-768x874.png 768w, https:\/\/carlosadeva.com\/wp-content\/uploads\/2024\/09\/X-Adeva-1349x1536.png 1349w, https:\/\/carlosadeva.com\/wp-content\/uploads\/2024\/09\/X-Adeva-1799x2048.png 1799w, https:\/\/carlosadeva.com\/wp-content\/uploads\/2024\/09\/X-Adeva-700x797.png 700w, https:\/\/carlosadeva.com\/wp-content\/uploads\/2024\/09\/X-Adeva-600x683.png 600w, https:\/\/carlosadeva.com\/wp-content\/uploads\/2024\/09\/X-Adeva.png 2025w\" sizes=\"(max-width: 264px) 100vw, 264px\" \/>\t\t\t\t\t\t\t\t\t\t\t\t\t\t\t<\/div>\n\t\t\t\t<\/div>\n\t\t\t\t<div class=\"elementor-element elementor-element-9bd2fe0 elementor-widget elementor-widget-image\" data-id=\"9bd2fe0\" data-element_type=\"widget\" data-e-type=\"widget\" data-widget_type=\"image.default\">\n\t\t\t\t<div class=\"elementor-widget-container\">\n\t\t\t\t\t\t\t\t\t\t\t\t\t\t\t<img decoding=\"async\" width=\"475\" height=\"787\" src=\"https:\/\/carlosadeva.com\/wp-content\/uploads\/2024\/09\/Carlos_Adeva.jpg\" class=\"attachment-full size-full wp-image-189\" alt=\"Carlos Adeva\" srcset=\"https:\/\/carlosadeva.com\/wp-content\/uploads\/2024\/09\/Carlos_Adeva.jpg 475w, https:\/\/carlosadeva.com\/wp-content\/uploads\/2024\/09\/Carlos_Adeva-181x300.jpg 181w\" sizes=\"(max-width: 475px) 100vw, 475px\" \/>\t\t\t\t\t\t\t\t\t\t\t\t\t\t\t<\/div>\n\t\t\t\t<\/div>\n\t\t\t\t<div class=\"elementor-element elementor-element-9d7ad6c elementor-widget elementor-widget-image\" data-id=\"9d7ad6c\" data-element_type=\"widget\" data-e-type=\"widget\" data-widget_type=\"image.default\">\n\t\t\t\t<div class=\"elementor-widget-container\">\n\t\t\t\t\t\t\t\t\t\t\t\t\t\t\t<img fetchpriority=\"high\" decoding=\"async\" width=\"264\" height=\"300\" src=\"https:\/\/carlosadeva.com\/wp-content\/uploads\/2024\/09\/X-Adeva-264x300.png\" class=\"attachment-medium size-medium wp-image-404\" alt=\"X - Carlos Adeva\" srcset=\"https:\/\/carlosadeva.com\/wp-content\/uploads\/2024\/09\/X-Adeva-264x300.png 264w, https:\/\/carlosadeva.com\/wp-content\/uploads\/2024\/09\/X-Adeva-900x1024.png 900w, https:\/\/carlosadeva.com\/wp-content\/uploads\/2024\/09\/X-Adeva-768x874.png 768w, https:\/\/carlosadeva.com\/wp-content\/uploads\/2024\/09\/X-Adeva-1349x1536.png 1349w, https:\/\/carlosadeva.com\/wp-content\/uploads\/2024\/09\/X-Adeva-1799x2048.png 1799w, https:\/\/carlosadeva.com\/wp-content\/uploads\/2024\/09\/X-Adeva-700x797.png 700w, https:\/\/carlosadeva.com\/wp-content\/uploads\/2024\/09\/X-Adeva-600x683.png 600w, https:\/\/carlosadeva.com\/wp-content\/uploads\/2024\/09\/X-Adeva.png 2025w\" sizes=\"(max-width: 264px) 100vw, 264px\" \/>\t\t\t\t\t\t\t\t\t\t\t\t\t\t\t<\/div>\n\t\t\t\t<\/div>\n\t\t\t\t\t<\/div>\n\t\t<\/div>\n\t\t\t\t<div class=\"elementor-column elementor-col-50 elementor-top-column elementor-element elementor-element-2cdd089\" data-id=\"2cdd089\" data-element_type=\"column\" data-e-type=\"column\">\n\t\t\t<div class=\"elementor-widget-wrap elementor-element-populated\">\n\t\t\t\t\t\t<div class=\"elementor-element elementor-element-d243141 elementor-widget elementor-widget-text-editor\" data-id=\"d243141\" data-element_type=\"widget\" data-e-type=\"widget\" data-widget_type=\"text-editor.default\">\n\t\t\t\t<div class=\"elementor-widget-container\">\n\t\t\t\t\t\t\t\t\t<h1>CARLOS ADEVA,<\/h1>\t\t\t\t\t\t\t\t<\/div>\n\t\t\t\t<\/div>\n\t\t\t\t<div class=\"elementor-element elementor-element-e005ad0 elementor-widget__width-auto elementor-widget elementor-widget-text-editor\" data-id=\"e005ad0\" data-element_type=\"widget\" data-e-type=\"widget\" data-widget_type=\"text-editor.default\">\n\t\t\t\t<div class=\"elementor-widget-container\">\n\t\t\t\t\t\t\t\t\t<h2>ARTISTA<\/h2>\t\t\t\t\t\t\t\t<\/div>\n\t\t\t\t<\/div>\n\t\t\t\t<div class=\"elementor-element elementor-element-1be8534 elementor-widget elementor-widget-text-editor\" data-id=\"1be8534\" data-element_type=\"widget\" data-e-type=\"widget\" data-widget_type=\"text-editor.default\">\n\t\t\t\t<div class=\"elementor-widget-container\">\n\t\t\t\t\t\t\t\t\t<p><strong>Toro (Zamora), 1974.<\/strong><\/p>\t\t\t\t\t\t\t\t<\/div>\n\t\t\t\t<\/div>\n\t\t\t\t<div class=\"elementor-element elementor-element-f5bfa07 elementor-widget elementor-widget-text-editor\" data-id=\"f5bfa07\" data-element_type=\"widget\" data-e-type=\"widget\" data-widget_type=\"text-editor.default\">\n\t\t\t\t<div class=\"elementor-widget-container\">\n\t\t\t\t\t\t\t\t\t<p>Estudi\u00e9 en la escuela de Artes y Oficios de Salamanca (1991-1993). Mi inquietud me hizo irme a Par\u00eds durante tres a\u00f1os (1993-1996), donde tuve la ocasi\u00f3n de ampliar mi formaci\u00f3n viendo a los grandes maestros en los diferentes museos, por lo que la base de mi formaci\u00f3n ha sido siempre observar y trabajar, intentar tener un lenguaje art\u00edstico libre de estigmas y corrientes.<\/p><p>\u00a0<\/p><p>Me perfecciono en la pintura sobre muro y en la tem\u00e1tica medieval, una labor en la que no he parado de trabajar ni especializarme.<\/p><p>\u00a0<\/p><p>A partir de 1997 me instalo en mi ciudad natal, donde trabajo en el Ayuntamiento desempe\u00f1ando labores art\u00edsticas hasta el a\u00f1o 2000. Simult\u00e1neamente instalo mi primer taller donde imparto clases de dibujo y pintura para personas sin experiencia, y realizo mis primeras exposiciones en la Galer\u00eda de Arte \u00abEspacio 36\u00bb de Zamora.<\/p><p>\u00a0<\/p><p>Desde el a\u00f1o 2000 hasta el 2004, instalo mi estudio en Valladolid, continuado mi labor y realizando diferentes trabajos para empresas y particulares.<\/p><p>\u00a0<\/p><p>A partir del 2004 hasta la actualidad instalo nuevamente mi estudio en Tordesillas, donde a la par abro mi primera tienda-taller en la que vendo mis trabajos especializados e imparto clases para ni\u00f1os y adultos de t\u00e9cnicas pict\u00f3ricas.<\/p><p>\u00a0<\/p><p>Mis trabajos mural\u00edsticos han sido numerosos desde mis comienzos, desde casas particulares, hosteler\u00eda y mural\u00edsmo p\u00fablico, destacando la participaci\u00f3n en este \u00faltimo aspecto, donde, desde el a\u00f1o 2012, dirijo varios proyectos participativos de mural\u00edsmo p\u00fablico en Tordesillas y, recientemente, en Toro. Tambi\u00e9n en el a\u00f1o 2009 he participado en el itinerario mural\u00edstico de Vitoria-Gasteiz con la realizaci\u00f3n de uno de sus murales, y en el a\u00f1o 2014 he sido invitado a pintar murales en Recife (Brasil).<\/p><p>\u00a0<\/p><p>Desde 2014 soy profesor de T\u00e9cnicas Pict\u00f3ricas en el Centro Regional de Artesan\u00eda de Castilla y Le\u00f3n.<\/p><p>\u00a0<\/p><p>En el campo art\u00edstico he realizado distintas exposiciones desde mis comienzos en el a\u00f1o 1993 hasta la actualidad, a nivel nacional e internacional. Tambi\u00e9n he participado en alg\u00fan certamen de pintura, siendo seleccionado y obteniendo el primer premio en el de Acor de 2015.<\/p><p>\u00a0<\/p><p>Mi obra est\u00e1 en instituciones p\u00fablicas como privadas. Desarrollo constantemente t\u00e9cnicas art\u00edsticas para fomentar la innovaci\u00f3n y la mejora de los productos visuales.<\/p>\t\t\t\t\t\t\t\t<\/div>\n\t\t\t\t<\/div>\n\t\t\t\t\t<\/div>\n\t\t<\/div>\n\t\t\t\t\t<\/div>\n\t\t<\/section>\n\t\t\t\t<\/div>","protected":false},"excerpt":{"rendered":"<p>CARLOS ADEVA, ARTISTA Toro (Zamora), 1974. Estudi\u00e9 en la escuela de Artes y Oficios de&#8230;<\/p>","protected":false},"author":1,"featured_media":0,"parent":0,"menu_order":0,"comment_status":"closed","ping_status":"closed","template":"full_width.php","meta":{"footnotes":""},"class_list":["post-59","page","type-page","status-publish","hentry"],"yoast_head":"<!-- This site is optimized with the Yoast SEO plugin v27.4 - https:\/\/yoast.com\/product\/yoast-seo-wordpress\/ -->\n<title>Sobre m\u00ed - Carlos Adeva<\/title>\n<meta name=\"robots\" content=\"index, follow, max-snippet:-1, max-image-preview:large, max-video-preview:-1\" \/>\n<link rel=\"canonical\" href=\"https:\/\/carlosadeva.com\/en\/sobre-mi\/\" \/>\n<meta property=\"og:locale\" content=\"en_US\" \/>\n<meta property=\"og:type\" content=\"article\" \/>\n<meta property=\"og:title\" content=\"Sobre m\u00ed - Carlos Adeva\" \/>\n<meta property=\"og:description\" content=\"CARLOS ADEVA, ARTISTA Toro (Zamora), 1974. Estudi\u00e9 en la escuela de Artes y Oficios de...\" \/>\n<meta property=\"og:url\" content=\"https:\/\/carlosadeva.com\/en\/sobre-mi\/\" \/>\n<meta property=\"og:site_name\" content=\"Carlos Adeva\" \/>\n<meta property=\"article:modified_time\" content=\"2024-09-25T07:24:24+00:00\" \/>\n<meta property=\"og:image\" content=\"https:\/\/carlosadeva.com\/wp-content\/uploads\/2024\/09\/X-Adeva-264x300.png\" \/>\n<meta name=\"twitter:card\" content=\"summary_large_image\" \/>\n<meta name=\"twitter:label1\" content=\"Est. reading time\" \/>\n\t<meta name=\"twitter:data1\" content=\"3 minutes\" \/>\n<script type=\"application\/ld+json\" class=\"yoast-schema-graph\">{\"@context\":\"https:\\\/\\\/schema.org\",\"@graph\":[{\"@type\":\"WebPage\",\"@id\":\"https:\\\/\\\/carlosadeva.com\\\/sobre-mi\\\/\",\"url\":\"https:\\\/\\\/carlosadeva.com\\\/sobre-mi\\\/\",\"name\":\"Sobre m\u00ed - Carlos Adeva\",\"isPartOf\":{\"@id\":\"https:\\\/\\\/carlosadeva.com\\\/#website\"},\"primaryImageOfPage\":{\"@id\":\"https:\\\/\\\/carlosadeva.com\\\/sobre-mi\\\/#primaryimage\"},\"image\":{\"@id\":\"https:\\\/\\\/carlosadeva.com\\\/sobre-mi\\\/#primaryimage\"},\"thumbnailUrl\":\"https:\\\/\\\/carlosadeva.com\\\/wp-content\\\/uploads\\\/2024\\\/09\\\/X-Adeva-264x300.png\",\"datePublished\":\"2019-12-27T09:04:35+00:00\",\"dateModified\":\"2024-09-25T07:24:24+00:00\",\"breadcrumb\":{\"@id\":\"https:\\\/\\\/carlosadeva.com\\\/sobre-mi\\\/#breadcrumb\"},\"inLanguage\":\"en-US\",\"potentialAction\":[{\"@type\":\"ReadAction\",\"target\":[\"https:\\\/\\\/carlosadeva.com\\\/sobre-mi\\\/\"]}]},{\"@type\":\"ImageObject\",\"inLanguage\":\"en-US\",\"@id\":\"https:\\\/\\\/carlosadeva.com\\\/sobre-mi\\\/#primaryimage\",\"url\":\"https:\\\/\\\/carlosadeva.com\\\/wp-content\\\/uploads\\\/2024\\\/09\\\/X-Adeva-264x300.png\",\"contentUrl\":\"https:\\\/\\\/carlosadeva.com\\\/wp-content\\\/uploads\\\/2024\\\/09\\\/X-Adeva-264x300.png\"},{\"@type\":\"BreadcrumbList\",\"@id\":\"https:\\\/\\\/carlosadeva.com\\\/sobre-mi\\\/#breadcrumb\",\"itemListElement\":[{\"@type\":\"ListItem\",\"position\":1,\"name\":\"Portada\",\"item\":\"https:\\\/\\\/carlosadeva.com\\\/\"},{\"@type\":\"ListItem\",\"position\":2,\"name\":\"Sobre m\u00ed\"}]},{\"@type\":\"WebSite\",\"@id\":\"https:\\\/\\\/carlosadeva.com\\\/#website\",\"url\":\"https:\\\/\\\/carlosadeva.com\\\/\",\"name\":\"Carlos Adeva\",\"description\":\"Arte\",\"publisher\":{\"@id\":\"https:\\\/\\\/carlosadeva.com\\\/#organization\"},\"potentialAction\":[{\"@type\":\"SearchAction\",\"target\":{\"@type\":\"EntryPoint\",\"urlTemplate\":\"https:\\\/\\\/carlosadeva.com\\\/?s={search_term_string}\"},\"query-input\":{\"@type\":\"PropertyValueSpecification\",\"valueRequired\":true,\"valueName\":\"search_term_string\"}}],\"inLanguage\":\"en-US\"},{\"@type\":\"Organization\",\"@id\":\"https:\\\/\\\/carlosadeva.com\\\/#organization\",\"name\":\"Carlos Adeva\",\"url\":\"https:\\\/\\\/carlosadeva.com\\\/\",\"logo\":{\"@type\":\"ImageObject\",\"inLanguage\":\"en-US\",\"@id\":\"https:\\\/\\\/carlosadeva.com\\\/#\\\/schema\\\/logo\\\/image\\\/\",\"url\":\"https:\\\/\\\/carlosadeva.com\\\/wp-content\\\/uploads\\\/2024\\\/08\\\/cropped-logoweb.png\",\"contentUrl\":\"https:\\\/\\\/carlosadeva.com\\\/wp-content\\\/uploads\\\/2024\\\/08\\\/cropped-logoweb.png\",\"width\":512,\"height\":512,\"caption\":\"Carlos Adeva\"},\"image\":{\"@id\":\"https:\\\/\\\/carlosadeva.com\\\/#\\\/schema\\\/logo\\\/image\\\/\"}}]}<\/script>\n<!-- \/ Yoast SEO plugin. -->","yoast_head_json":{"title":"Sobre m\u00ed - Carlos Adeva","robots":{"index":"index","follow":"follow","max-snippet":"max-snippet:-1","max-image-preview":"max-image-preview:large","max-video-preview":"max-video-preview:-1"},"canonical":"https:\/\/carlosadeva.com\/en\/sobre-mi\/","og_locale":"en_US","og_type":"article","og_title":"Sobre m\u00ed - Carlos Adeva","og_description":"CARLOS ADEVA, ARTISTA Toro (Zamora), 1974. Estudi\u00e9 en la escuela de Artes y Oficios de...","og_url":"https:\/\/carlosadeva.com\/en\/sobre-mi\/","og_site_name":"Carlos Adeva","article_modified_time":"2024-09-25T07:24:24+00:00","og_image":[{"url":"https:\/\/carlosadeva.com\/wp-content\/uploads\/2024\/09\/X-Adeva-264x300.png","type":"","width":"","height":""}],"twitter_card":"summary_large_image","twitter_misc":{"Est. reading time":"3 minutes"},"schema":{"@context":"https:\/\/schema.org","@graph":[{"@type":"WebPage","@id":"https:\/\/carlosadeva.com\/sobre-mi\/","url":"https:\/\/carlosadeva.com\/sobre-mi\/","name":"Sobre m\u00ed - Carlos Adeva","isPartOf":{"@id":"https:\/\/carlosadeva.com\/#website"},"primaryImageOfPage":{"@id":"https:\/\/carlosadeva.com\/sobre-mi\/#primaryimage"},"image":{"@id":"https:\/\/carlosadeva.com\/sobre-mi\/#primaryimage"},"thumbnailUrl":"https:\/\/carlosadeva.com\/wp-content\/uploads\/2024\/09\/X-Adeva-264x300.png","datePublished":"2019-12-27T09:04:35+00:00","dateModified":"2024-09-25T07:24:24+00:00","breadcrumb":{"@id":"https:\/\/carlosadeva.com\/sobre-mi\/#breadcrumb"},"inLanguage":"en-US","potentialAction":[{"@type":"ReadAction","target":["https:\/\/carlosadeva.com\/sobre-mi\/"]}]},{"@type":"ImageObject","inLanguage":"en-US","@id":"https:\/\/carlosadeva.com\/sobre-mi\/#primaryimage","url":"https:\/\/carlosadeva.com\/wp-content\/uploads\/2024\/09\/X-Adeva-264x300.png","contentUrl":"https:\/\/carlosadeva.com\/wp-content\/uploads\/2024\/09\/X-Adeva-264x300.png"},{"@type":"BreadcrumbList","@id":"https:\/\/carlosadeva.com\/sobre-mi\/#breadcrumb","itemListElement":[{"@type":"ListItem","position":1,"name":"Portada","item":"https:\/\/carlosadeva.com\/"},{"@type":"ListItem","position":2,"name":"Sobre m\u00ed"}]},{"@type":"WebSite","@id":"https:\/\/carlosadeva.com\/#website","url":"https:\/\/carlosadeva.com\/","name":"Carlos Adeva","description":"Arte","publisher":{"@id":"https:\/\/carlosadeva.com\/#organization"},"potentialAction":[{"@type":"SearchAction","target":{"@type":"EntryPoint","urlTemplate":"https:\/\/carlosadeva.com\/?s={search_term_string}"},"query-input":{"@type":"PropertyValueSpecification","valueRequired":true,"valueName":"search_term_string"}}],"inLanguage":"en-US"},{"@type":"Organization","@id":"https:\/\/carlosadeva.com\/#organization","name":"Carlos Adeva","url":"https:\/\/carlosadeva.com\/","logo":{"@type":"ImageObject","inLanguage":"en-US","@id":"https:\/\/carlosadeva.com\/#\/schema\/logo\/image\/","url":"https:\/\/carlosadeva.com\/wp-content\/uploads\/2024\/08\/cropped-logoweb.png","contentUrl":"https:\/\/carlosadeva.com\/wp-content\/uploads\/2024\/08\/cropped-logoweb.png","width":512,"height":512,"caption":"Carlos Adeva"},"image":{"@id":"https:\/\/carlosadeva.com\/#\/schema\/logo\/image\/"}}]}},"_links":{"self":[{"href":"https:\/\/carlosadeva.com\/en\/wp-json\/wp\/v2\/pages\/59","targetHints":{"allow":["GET"]}}],"collection":[{"href":"https:\/\/carlosadeva.com\/en\/wp-json\/wp\/v2\/pages"}],"about":[{"href":"https:\/\/carlosadeva.com\/en\/wp-json\/wp\/v2\/types\/page"}],"author":[{"embeddable":true,"href":"https:\/\/carlosadeva.com\/en\/wp-json\/wp\/v2\/users\/1"}],"replies":[{"embeddable":true,"href":"https:\/\/carlosadeva.com\/en\/wp-json\/wp\/v2\/comments?post=59"}],"version-history":[{"count":10,"href":"https:\/\/carlosadeva.com\/en\/wp-json\/wp\/v2\/pages\/59\/revisions"}],"predecessor-version":[{"id":410,"href":"https:\/\/carlosadeva.com\/en\/wp-json\/wp\/v2\/pages\/59\/revisions\/410"}],"wp:attachment":[{"href":"https:\/\/carlosadeva.com\/en\/wp-json\/wp\/v2\/media?parent=59"}],"curies":[{"name":"wp","href":"https:\/\/api.w.org\/{rel}","templated":true}]}}